{"id":70551,"date":"2023-08-01T10:36:31","date_gmt":"2023-08-01T08:36:31","guid":{"rendered":"https:\/\/bee2linkgroup.com\/mentions-legales\/"},"modified":"2026-03-23T10:09:48","modified_gmt":"2026-03-23T09:09:48","slug":"mentions-legales","status":"publish","type":"page","link":"https:\/\/bee2linkgroup.com\/it\/mentions-legales\/","title":{"rendered":"Note legali"},"content":{"rendered":"\t\t<div data-elementor-type=\"wp-page\" data-elementor-id=\"70551\" class=\"elementor elementor-70551 elementor-30\" data-elementor-post-type=\"page\">\n\t\t\t\t\t\t<section class=\"elementor-section elementor-top-section elementor-element elementor-element-97ed389 elementor-section-boxed elementor-section-height-default elementor-section-height-default\" data-id=\"97ed389\" data-element_type=\"section\" data-e-type=\"section\">\n\t\t\t\t\t\t<div class=\"elementor-container elementor-column-gap-default\">\n\t\t\t\t\t<div class=\"elementor-column elementor-col-100 elementor-top-column elementor-element elementor-element-c70c1dc\" data-id=\"c70c1dc\" data-element_type=\"column\" data-e-type=\"column\">\n\t\t\t<div class=\"elementor-widget-wrap elementor-element-populated\">\n\t\t\t\t\t\t<div class=\"elementor-element elementor-element-b04ee9b elementor-widget elementor-widget-text-editor\" data-id=\"b04ee9b\" data-element_type=\"widget\" data-e-type=\"widget\" data-widget_type=\"text-editor.default\">\n\t\t\t\t<div class=\"elementor-widget-container\">\n\t\t\t\t\t\t\t\t\t<h1><span style=\"color: #1f3e80;\">Informativa privacy clienti<\/span><\/h1>\n<p>Ex artt. 13 e 14 Regolamento Europeo 2016\/679 (GDPR)<br>\n<em>Soggetti interessati: persone fisiche che operano in qualit\u00e0 di referenti dei clienti (es. dipendenti, collaboratori, rappresentanti)<\/em><\/p>\n\n<h2><span style=\"color: #1f3e80;\">Titolare del trattamento<\/span><\/h2>\nTitolare del trattamento dei dati \u00e8 la societ\u00e0 <strong>bee2link Italia S.r.l.<\/strong>, in persona del suo legale rappresentante p.t., con sede legale in Via Ferdinando Bartolommei n. 4 \u2013 50129 Firenze (FI) \u2013 P.IVA 06111360480.\nIndirizzo di posta elettronica: <a href=\"mailto:privacy@bee2linkgroup.com\">privacy@bee2linkgroup.com<\/a>\n\n<h2><span style=\"color: #1f3e80;\">Responsabile per la protezione dei dati personali \u2013 Data Protection Officer (DPO)<\/span><\/h2>\nIl Responsabile per la protezione dei dati (DPO) \u00e8 contattabile all&#8217;indirizzo e-mail: <a href=\"mailto:dpo.italia@bee2linkgroup.com\">dpo.italia@bee2linkgroup.com<\/a>\n\n<h2><span style=\"color: #1f3e80;\">Tipologia dei dati trattati<\/span><\/h2>\nI dati personali oggetto di trattamento sono quelli forniti dal Cliente o altrimenti acquisiti nel corso del rapporto commerciale e, in particolare, comprendono:\n<ul>\n\t<li>dati identificativi e di contatto, nonch\u00e9 dati amministrativi e contabili, ivi inclusi i dati di fatturazione e pagamento, riferiti al Cliente;<\/li>\n\t<li>dati identificativi e di contatto dei referenti del Cliente, quali \u2013 a titolo esemplificativo \u2013 nome, cognome, ruolo, indirizzo email e numero di telefono.<\/li>\n<\/ul>\n\n<h2><span style=\"color: #1f3e80;\">Finalit\u00e0 del trattamento e basi giuridiche<\/span><\/h2>\nI dati verranno trattati per le finalit\u00e0 di seguito indicate:\n<ul>\n\t<li><strong>Esecuzione del contratto e delle misure precontrattuali<\/strong> e, pi\u00f9 in generale, della relazione commerciale. Base giuridica: esecuzione di misure precontrattuali o del contratto (art. 6, lett. b) GDPR);<\/li>\n\t<li><strong>Fatturazione e adempimenti obbligatori per legge<\/strong> in ambito fiscale e contabile. Base giuridica: adempimento degli obblighi di legge a cui \u00e8 soggetto il Titolare (art. 6, lett. c) GDPR);<\/li>\n\t<li><strong>Gestione di un eventuale contenzioso.<\/strong> Base giuridica: interesse legittimo del Titolare (art. 6, lett. f) GDPR);<\/li>\n\t<li><strong>Soft spam:<\/strong> per inviare, esclusivamente via e-mail, messaggi promozionali relativi a beni o servizi analoghi a quelli gi\u00e0 acquistati o usufruiti, sempre che il Cliente non si opponga al trattamento mediante il link di disiscrizione presente nelle mail o con apposita richiesta, senza che tale opposizione possa in alcun modo compromettere la prosecuzione del rapporto. Base giuridica: interesse legittimo del Titolare (art. 6, lett. f) GDPR), nel rispetto dell&#8217;art. 130, comma 4, del d.lgs. 196\/2003 e successive modifiche;<\/li>\n\t<li><strong>Marketing:<\/strong> per contattare il Cliente al fine di promuovere nuovi servizi o prodotti e\/o nuove funzionalit\u00e0, previo consenso dell&#8217;interessato (art. 6, lett. a) GDPR).<\/li>\n<\/ul>\n\n<h2><span style=\"color: #1f3e80;\">Natura del conferimento dei dati<\/span><\/h2>\nIl conferimento dei dati di cui sopra \u00e8 necessario ai fini di una corretta gestione del rapporto contrattuale e della relazione commerciale con il Cliente. Pertanto, l&#8217;eventuale rifiuto a fornire tali dati comporta l&#8217;oggettiva impossibilit\u00e0 di dare esecuzione al contratto.\n\n<h2><span style=\"color: #1f3e80;\">Modalit\u00e0 del trattamento<\/span><\/h2>\nIl trattamento dei dati personali \u00e8 effettuato da personale appositamente autorizzato e istruito, che opera sotto l&#8217;autorit\u00e0 del Titolare del trattamento, mediante l&#8217;utilizzo di strumenti informatici, telematici e, ove necessario, cartacei, nel rispetto dei principi di liceit\u00e0, correttezza e trasparenza.\nIn conformit\u00e0 a quanto previsto dall&#8217;art. 32 GDPR, sono adottate misure tecniche e organizzative adeguate a garantire un livello di sicurezza commisurato al rischio, al fine di assicurare la riservatezza, l&#8217;integrit\u00e0 e la disponibilit\u00e0 dei dati.\n\n<h2><span style=\"color: #1f3e80;\">Destinatari dei dati<\/span><\/h2>\nI dati personali potranno essere comunicati ai seguenti soggetti terzi:\n<ul>\n\t<li>Fornitori o professionisti a cui il Titolare affida talune attivit\u00e0, quali servizi amministrativi, assicurativi, bancari e contabili, fiscali e consulenziali, nonch\u00e9 servizi informatici e di comunicazione. Tali soggetti operano, salvo specifici casi, in qualit\u00e0 di Responsabili del trattamento ai sensi dell&#8217;art. 28 GDPR. L&#8217;elenco aggiornato dei Responsabili del trattamento \u00e8 disponibile previa richiesta;<\/li>\n\t<li>La Societ\u00e0 Capogruppo <strong>bee2link group<\/strong>, con sede in Francia, per finalit\u00e0 amministrative, organizzative e di gestione dei rapporti con la clientela;<\/li>\n\t<li>Enti o autorit\u00e0 competenti in adempimento di obblighi di legge, quali obblighi di natura fiscale e contabile.<\/li>\n<\/ul>\n\n<h2><span style=\"color: #1f3e80;\">Conservazione<\/span><\/h2>\nI dati personali vengono conservati, nel rispetto dei principi di necessit\u00e0 e proporzionalit\u00e0, per l&#8217;intera durata del rapporto contrattuale o precontrattuale in essere, ed eventualmente per periodi di tempo pi\u00f9 lunghi previsti dalla vigente normativa in materia contabile, fiscale, civilistica e processuale, anche ai sensi dell&#8217;art. 2220 c.c. e nei limiti delle previsioni generali in materia di prescrizione dei diritti applicabili per fini di tutela giudiziaria.\nDecorso il tempo di conservazione previsto, i dati saranno cancellati o conservati in modo aggregato e anonimo per eventuali finalit\u00e0 statistiche.\nI dati trattati per finalit\u00e0 di marketing saranno conservati fino alla revoca del consenso da parte dell&#8217;interessato o, in caso di soft spam, fino alla manifestazione della sua opposizione. Si ricorda che in calce a ciascuna comunicazione \u00e8 possibile richiedere la cancellazione dalla mailing list.\n\n<h2><span style=\"color: #1f3e80;\">Trasferimento Extra-UE<\/span><\/h2>\nI dati non saranno oggetto di trasferimento verso Paesi al di fuori dell&#8217;Unione Europea. Nel caso in cui ci\u00f2 fosse necessario, il trasferimento avverr\u00e0 unicamente nel rispetto delle misure di cui agli artt. 44 e ss. GDPR.\n\n<h2><span style=\"color: #1f3e80;\">Diritti del soggetto interessato<\/span><\/h2>\nIn ogni momento, ai sensi degli artt. 15 e ss. GDPR, l&#8217;utente potr\u00e0 esercitare i seguenti diritti, al ricorrere dei necessari presupposti:\n<ul>\n\t<li>accedere ai dati trattati dal Titolare, ottenere informazioni su determinati aspetti del trattamento e ricevere una copia dei dati trattati (art. 15 GDPR, Diritto di accesso);<\/li>\n\t<li>verificare la correttezza dei propri dati e richiederne l&#8217;aggiornamento o la rettificazione (art. 16 GDPR, Diritto di rettifica);<\/li>\n\t<li>ottenere la cancellazione o la rimozione dei propri dati personali da parte del Titolare (art. 17 GDPR, Diritto alla cancellazione);<\/li>\n\t<li>ottenere la limitazione del trattamento dei propri dati, quando ricorrono determinate condizioni (art. 18 GDPR, Diritto alla limitazione del trattamento);<\/li>\n\t<li>revocare il consenso, senza che ci\u00f2 possa pregiudicare le attivit\u00e0 di trattamento precedentemente svolte sulla base del consenso conferito;<\/li>\n\t<li>opporsi al trattamento dei propri dati quando esso avviene su una base giuridica diversa dal consenso (art. 21 GDPR, Diritto di opposizione).<\/li>\n<\/ul>\n\n<span style=\"text-decoration: underline;\">Puoi esercitare i tuoi diritti sia:<\/span>\n<ul>\n\t<li>Per e-mail al seguente indirizzo: <a href=\"mailto:privacy@bee2linkgroup.com\">privacy@bee2linkgroup.com<\/a><\/li>\n\t<li>Contattando il DPO all&#8217;indirizzo: <a href=\"mailto:dpo.italia@bee2linkgroup.com\">dpo.italia@bee2linkgroup.com<\/a><\/li>\n<\/ul>\nDa ultimo, l&#8217;utente ha diritto di proporre reclamo all&#8217;Autorit\u00e0 di controllo competente, il Garante per la Protezione dei Dati Personali, o di agire in sede giudiziaria.\n\n<h2><span style=\"color: #1f3e80;\">Aggiornamenti e modifiche<\/span><\/h2>\nLa presente informativa viene resa disponibile anche sul sito web del Titolare. Invitiamo pertanto il Cliente a consultare l&#8217;apposita sezione per verificarne eventuali aggiornamenti, modifiche o integrazioni.\nUltimo aggiornamento: <strong>marzo 2026<\/strong>\t\t\t\t\t\t\t\t<\/div>\n\t\t\t\t<\/div>\n\t\t\t\t\t<\/div>\n\t\t<\/div>\n\t\t\t\t\t<\/div>\n\t\t<\/section>\n\t\t\t\t<\/div>\n\t\t","protected":false},"excerpt":{"rendered":"<p>Informativa privacy clienti Ex artt. 13 e 14 Regolamento Europeo 2016\/679 (GDPR) Soggetti interessati: persone fisiche che operano in qualit\u00e0 di referenti dei clienti (es. dipendenti, collaboratori, rappresentanti) Titolare del trattamento Titolare del trattamento dei dati \u00e8 la societ\u00e0 bee2link Italia S.r.l., in persona del suo legale rappresentante p.t., con sede legale in Via Ferdinando [&hellip;]<\/p>\n","protected":false},"author":5,"featured_media":0,"parent":0,"menu_order":0,"comment_status":"closed","ping_status":"closed","template":"","meta":{"_acf_changed":false,"content-type":"","footnotes":""},"class_list":["post-70551","page","type-page","status-publish","hentry"],"acf":[],"yoast_head":"<!-- This site is optimized with the Yoast SEO plugin v27.3 - https:\/\/yoast.com\/product\/yoast-seo-wordpress\/ -->\n<title>Note legali - bee2link group<\/title>\n<meta name=\"description\" content=\"Nous nous engageons \u00e0 respecter les normes l\u00e9gales et \u00e0 garantir la transparence dans nos pratiques en ligne.\" \/>\n<meta name=\"robots\" content=\"index, follow, max-snippet:-1, max-image-preview:large, max-video-preview:-1\" \/>\n<link rel=\"canonical\" href=\"https:\/\/bee2linkgroup.com\/it\/mentions-legales\/\" \/>\n<meta property=\"og:locale\" content=\"it_IT\" \/>\n<meta property=\"og:type\" content=\"article\" \/>\n<meta property=\"og:title\" content=\"Note legali - bee2link group\" \/>\n<meta property=\"og:description\" content=\"Nous nous engageons \u00e0 respecter les normes l\u00e9gales et \u00e0 garantir la transparence dans nos pratiques en ligne.\" \/>\n<meta property=\"og:url\" content=\"https:\/\/bee2linkgroup.com\/it\/mentions-legales\/\" \/>\n<meta property=\"og:site_name\" content=\"bee2link group\" \/>\n<meta property=\"article:modified_time\" content=\"2026-03-23T09:09:48+00:00\" \/>\n<meta name=\"twitter:card\" content=\"summary_large_image\" \/>\n<meta name=\"twitter:label1\" content=\"Tempo di lettura stimato\" \/>\n\t<meta name=\"twitter:data1\" content=\"6 minuti\" \/>\n<script type=\"application\/ld+json\" class=\"yoast-schema-graph\">{\"@context\":\"https:\\\/\\\/schema.org\",\"@graph\":[{\"@type\":\"WebPage\",\"@id\":\"https:\\\/\\\/bee2linkgroup.com\\\/it\\\/mentions-legales\\\/\",\"url\":\"https:\\\/\\\/bee2linkgroup.com\\\/it\\\/mentions-legales\\\/\",\"name\":\"Note legali - bee2link group\",\"isPartOf\":{\"@id\":\"https:\\\/\\\/bee2linkgroup.com\\\/it\\\/#website\"},\"datePublished\":\"2023-08-01T08:36:31+00:00\",\"dateModified\":\"2026-03-23T09:09:48+00:00\",\"description\":\"Nous nous engageons \u00e0 respecter les normes l\u00e9gales et \u00e0 garantir la transparence dans nos pratiques en ligne.\",\"breadcrumb\":{\"@id\":\"https:\\\/\\\/bee2linkgroup.com\\\/it\\\/mentions-legales\\\/#breadcrumb\"},\"inLanguage\":\"it-IT\",\"potentialAction\":[{\"@type\":\"ReadAction\",\"target\":[\"https:\\\/\\\/bee2linkgroup.com\\\/it\\\/mentions-legales\\\/\"]}]},{\"@type\":\"BreadcrumbList\",\"@id\":\"https:\\\/\\\/bee2linkgroup.com\\\/it\\\/mentions-legales\\\/#breadcrumb\",\"itemListElement\":[{\"@type\":\"ListItem\",\"position\":1,\"name\":\"Accueil\",\"item\":\"https:\\\/\\\/bee2linkgroup.com\\\/it\\\/\"},{\"@type\":\"ListItem\",\"position\":2,\"name\":\"Note legali\"}]},{\"@type\":\"WebSite\",\"@id\":\"https:\\\/\\\/bee2linkgroup.com\\\/it\\\/#website\",\"url\":\"https:\\\/\\\/bee2linkgroup.com\\\/it\\\/\",\"name\":\"bee2link group\",\"description\":\"Le partenaire de votre futur.\",\"potentialAction\":[{\"@type\":\"SearchAction\",\"target\":{\"@type\":\"EntryPoint\",\"urlTemplate\":\"https:\\\/\\\/bee2linkgroup.com\\\/it\\\/?s={search_term_string}\"},\"query-input\":{\"@type\":\"PropertyValueSpecification\",\"valueRequired\":true,\"valueName\":\"search_term_string\"}}],\"inLanguage\":\"it-IT\"}]}<\/script>\n<!-- \/ Yoast SEO plugin. -->","yoast_head_json":{"title":"Note legali - bee2link group","description":"Nous nous engageons \u00e0 respecter les normes l\u00e9gales et \u00e0 garantir la transparence dans nos pratiques en ligne.","robots":{"index":"index","follow":"follow","max-snippet":"max-snippet:-1","max-image-preview":"max-image-preview:large","max-video-preview":"max-video-preview:-1"},"canonical":"https:\/\/bee2linkgroup.com\/it\/mentions-legales\/","og_locale":"it_IT","og_type":"article","og_title":"Note legali - bee2link group","og_description":"Nous nous engageons \u00e0 respecter les normes l\u00e9gales et \u00e0 garantir la transparence dans nos pratiques en ligne.","og_url":"https:\/\/bee2linkgroup.com\/it\/mentions-legales\/","og_site_name":"bee2link group","article_modified_time":"2026-03-23T09:09:48+00:00","twitter_card":"summary_large_image","twitter_misc":{"Tempo di lettura stimato":"6 minuti"},"schema":{"@context":"https:\/\/schema.org","@graph":[{"@type":"WebPage","@id":"https:\/\/bee2linkgroup.com\/it\/mentions-legales\/","url":"https:\/\/bee2linkgroup.com\/it\/mentions-legales\/","name":"Note legali - bee2link group","isPartOf":{"@id":"https:\/\/bee2linkgroup.com\/it\/#website"},"datePublished":"2023-08-01T08:36:31+00:00","dateModified":"2026-03-23T09:09:48+00:00","description":"Nous nous engageons \u00e0 respecter les normes l\u00e9gales et \u00e0 garantir la transparence dans nos pratiques en ligne.","breadcrumb":{"@id":"https:\/\/bee2linkgroup.com\/it\/mentions-legales\/#breadcrumb"},"inLanguage":"it-IT","potentialAction":[{"@type":"ReadAction","target":["https:\/\/bee2linkgroup.com\/it\/mentions-legales\/"]}]},{"@type":"BreadcrumbList","@id":"https:\/\/bee2linkgroup.com\/it\/mentions-legales\/#breadcrumb","itemListElement":[{"@type":"ListItem","position":1,"name":"Accueil","item":"https:\/\/bee2linkgroup.com\/it\/"},{"@type":"ListItem","position":2,"name":"Note legali"}]},{"@type":"WebSite","@id":"https:\/\/bee2linkgroup.com\/it\/#website","url":"https:\/\/bee2linkgroup.com\/it\/","name":"bee2link group","description":"Le partenaire de votre futur.","potentialAction":[{"@type":"SearchAction","target":{"@type":"EntryPoint","urlTemplate":"https:\/\/bee2linkgroup.com\/it\/?s={search_term_string}"},"query-input":{"@type":"PropertyValueSpecification","valueRequired":true,"valueName":"search_term_string"}}],"inLanguage":"it-IT"}]}},"_links":{"self":[{"href":"https:\/\/bee2linkgroup.com\/it\/wp-json\/wp\/v2\/pages\/70551","targetHints":{"allow":["GET"]}}],"collection":[{"href":"https:\/\/bee2linkgroup.com\/it\/wp-json\/wp\/v2\/pages"}],"about":[{"href":"https:\/\/bee2linkgroup.com\/it\/wp-json\/wp\/v2\/types\/page"}],"author":[{"embeddable":true,"href":"https:\/\/bee2linkgroup.com\/it\/wp-json\/wp\/v2\/users\/5"}],"replies":[{"embeddable":true,"href":"https:\/\/bee2linkgroup.com\/it\/wp-json\/wp\/v2\/comments?post=70551"}],"version-history":[{"count":9,"href":"https:\/\/bee2linkgroup.com\/it\/wp-json\/wp\/v2\/pages\/70551\/revisions"}],"predecessor-version":[{"id":351608,"href":"https:\/\/bee2linkgroup.com\/it\/wp-json\/wp\/v2\/pages\/70551\/revisions\/351608"}],"wp:attachment":[{"href":"https:\/\/bee2linkgroup.com\/it\/wp-json\/wp\/v2\/media?parent=70551"}],"curies":[{"name":"wp","href":"https:\/\/api.w.org\/{rel}","templated":true}]}}