{"id":110624,"date":"2023-08-01T10:36:31","date_gmt":"2023-08-01T08:36:31","guid":{"rendered":"https:\/\/bee2linkgroup.com\/mentions-legales\/"},"modified":"2025-09-23T10:41:16","modified_gmt":"2025-09-23T08:41:16","slug":"mentions-legales","status":"publish","type":"page","link":"https:\/\/bee2linkgroup.com\/es\/mentions-legales\/","title":{"rendered":"Aviso legal"},"content":{"rendered":"\t\t<div data-elementor-type=\"wp-page\" data-elementor-id=\"110624\" class=\"elementor elementor-110624 elementor-30\" data-elementor-post-type=\"page\">\n\t\t\t\t\t\t<section class=\"elementor-section elementor-top-section elementor-element elementor-element-97ed389 elementor-section-boxed elementor-section-height-default elementor-section-height-default\" data-id=\"97ed389\" data-element_type=\"section\" data-e-type=\"section\">\n\t\t\t\t\t\t<div class=\"elementor-container elementor-column-gap-default\">\n\t\t\t\t\t<div class=\"elementor-column elementor-col-100 elementor-top-column elementor-element elementor-element-c70c1dc\" data-id=\"c70c1dc\" data-element_type=\"column\" data-e-type=\"column\">\n\t\t\t<div class=\"elementor-widget-wrap elementor-element-populated\">\n\t\t\t\t\t\t<div class=\"elementor-element elementor-element-b04ee9b elementor-widget elementor-widget-text-editor\" data-id=\"b04ee9b\" data-element_type=\"widget\" data-e-type=\"widget\" data-widget_type=\"text-editor.default\">\n\t\t\t\t<div class=\"elementor-widget-container\">\n\t\t\t\t\t\t\t\t\t<h1><span style=\"color: #1f3e80;\">Aviso legal<\/span><\/h1>\n<h2><span style=\"color: #1f3e80;\">Editor<\/span><\/h2>\nEste sitio, accesible en la direcci\u00f3n <a href=\"https:\/\/bee2linkgroup.com\/\" target=\"_blank\" rel=\"noopener\">https:\/\/bee2linkgroup.com\/<\/a> es editado por bee2link group, sociedad por acciones simplificada con capital social de 597.322,66 euros, inscrita en el RCS de Par\u00eds bajo el n\u00famero 847 509 353, con domicilio social situado en 278 boulevard Saint-Germain, 75007 Par\u00eds.\nN\u00famero de tel\u00e9fono: +33 3 73 27 05 98\nDirecci\u00f3n de correo electr\u00f3nico: <a href=\"mailto:commerce@bee2link.fr\">commerce@bee2link.fr<\/a>\nLa Directora de Publicaci\u00f3n es Sophie Barlois, Directora de Marketing y Comunicaci\u00f3n bee2link group.\n<h2><span style=\"color: #1f3e80;\">Alojamiento web<\/span><\/h2>\nEste sitio est\u00e1 alojado por la empresa OVH: <a href=\"http:\/\/www.ovh.com\" target=\"_blank\" rel=\"noopener\">http:\/\/www.ovh.com<\/a>\nEl nombre de dominio est\u00e1 alojado por la empresa OVH: <a href=\"http:\/\/www.ovh.com\" target=\"_blank\" rel=\"noopener\">http:\/\/www.ovh.com<\/a>\nOVH SAS con capital de 10.069.020 \u20ac RCS Lille M\u00e9tropole 424 761 419 00045. Domicilio social: 2 rue Kellermann &#8211; 59100 Roubaix &#8211; Francia.\n<h2><span style=\"color: #1f3e80;\">Propiedad intelectual<\/span><\/h2>\nTodos los elementos del presente sitio web, tomados en su globalidad o individualmente, en particular los contenidos inform\u00e1ticos, sonoros, visuales, gr\u00e1ficos, los textos y las im\u00e1genes, son propiedad exclusiva de bee2link group. Cualquier reproducci\u00f3n o representaci\u00f3n de uno de estos elementos est\u00e1 estrictamente prohibida, sin la autorizaci\u00f3n expresa y previa de bee2link group y puede constituir una falsificaci\u00f3n en el sentido del C\u00f3digo de propiedad intelectual.\t\t\t\t\t\t\t\t<\/div>\n\t\t\t\t<\/div>\n\t\t\t\t\t<\/div>\n\t\t<\/div>\n\t\t\t\t\t<\/div>\n\t\t<\/section>\n\t\t\t\t<\/div>\n\t\t","protected":false},"excerpt":{"rendered":"<p>Aviso legal Editor Este sitio, accesible en la direcci\u00f3n https:\/\/bee2linkgroup.com\/ es editado por bee2link group, sociedad por acciones simplificada con capital social de 597.322,66 euros, inscrita en el RCS de Par\u00eds bajo el n\u00famero 847 509 353, con domicilio social situado en 278 boulevard Saint-Germain, 75007 Par\u00eds. N\u00famero de tel\u00e9fono: +33 3 73 27 05 [&hellip;]<\/p>\n","protected":false},"author":5,"featured_media":0,"parent":0,"menu_order":0,"comment_status":"closed","ping_status":"closed","template":"","meta":{"_acf_changed":false,"content-type":"","footnotes":""},"class_list":["post-110624","page","type-page","status-publish","hentry"],"acf":[],"yoast_head":"<!-- This site is optimized with the Yoast SEO plugin v27.3 - https:\/\/yoast.com\/product\/yoast-seo-wordpress\/ -->\n<title>Aviso legal - bee2link group<\/title>\n<meta name=\"description\" content=\"Nous nous engageons \u00e0 respecter les normes l\u00e9gales et \u00e0 garantir la transparence dans nos pratiques en ligne.\" \/>\n<meta name=\"robots\" content=\"index, follow, max-snippet:-1, max-image-preview:large, max-video-preview:-1\" \/>\n<link rel=\"canonical\" href=\"https:\/\/bee2linkgroup.com\/es\/mentions-legales\/\" \/>\n<meta property=\"og:locale\" content=\"es_ES\" \/>\n<meta property=\"og:type\" content=\"article\" \/>\n<meta property=\"og:title\" content=\"Aviso legal - bee2link group\" \/>\n<meta property=\"og:description\" content=\"Nous nous engageons \u00e0 respecter les normes l\u00e9gales et \u00e0 garantir la transparence dans nos pratiques en ligne.\" \/>\n<meta property=\"og:url\" content=\"https:\/\/bee2linkgroup.com\/es\/mentions-legales\/\" \/>\n<meta property=\"og:site_name\" content=\"bee2link group\" \/>\n<meta property=\"article:modified_time\" content=\"2025-09-23T08:41:16+00:00\" \/>\n<meta name=\"twitter:card\" content=\"summary_large_image\" \/>\n<meta name=\"twitter:label1\" content=\"Tiempo de lectura\" \/>\n\t<meta name=\"twitter:data1\" content=\"1 minuto\" \/>\n<script type=\"application\/ld+json\" class=\"yoast-schema-graph\">{\"@context\":\"https:\\\/\\\/schema.org\",\"@graph\":[{\"@type\":\"WebPage\",\"@id\":\"https:\\\/\\\/bee2linkgroup.com\\\/es\\\/mentions-legales\\\/\",\"url\":\"https:\\\/\\\/bee2linkgroup.com\\\/es\\\/mentions-legales\\\/\",\"name\":\"Aviso legal - bee2link group\",\"isPartOf\":{\"@id\":\"https:\\\/\\\/bee2linkgroup.com\\\/es\\\/#website\"},\"datePublished\":\"2023-08-01T08:36:31+00:00\",\"dateModified\":\"2025-09-23T08:41:16+00:00\",\"description\":\"Nous nous engageons \u00e0 respecter les normes l\u00e9gales et \u00e0 garantir la transparence dans nos pratiques en ligne.\",\"breadcrumb\":{\"@id\":\"https:\\\/\\\/bee2linkgroup.com\\\/es\\\/mentions-legales\\\/#breadcrumb\"},\"inLanguage\":\"es\",\"potentialAction\":[{\"@type\":\"ReadAction\",\"target\":[\"https:\\\/\\\/bee2linkgroup.com\\\/es\\\/mentions-legales\\\/\"]}]},{\"@type\":\"BreadcrumbList\",\"@id\":\"https:\\\/\\\/bee2linkgroup.com\\\/es\\\/mentions-legales\\\/#breadcrumb\",\"itemListElement\":[{\"@type\":\"ListItem\",\"position\":1,\"name\":\"Accueil\",\"item\":\"https:\\\/\\\/bee2linkgroup.com\\\/es\\\/\"},{\"@type\":\"ListItem\",\"position\":2,\"name\":\"Aviso legal\"}]},{\"@type\":\"WebSite\",\"@id\":\"https:\\\/\\\/bee2linkgroup.com\\\/es\\\/#website\",\"url\":\"https:\\\/\\\/bee2linkgroup.com\\\/es\\\/\",\"name\":\"bee2link group\",\"description\":\"Le partenaire de votre futur.\",\"potentialAction\":[{\"@type\":\"SearchAction\",\"target\":{\"@type\":\"EntryPoint\",\"urlTemplate\":\"https:\\\/\\\/bee2linkgroup.com\\\/es\\\/?s={search_term_string}\"},\"query-input\":{\"@type\":\"PropertyValueSpecification\",\"valueRequired\":true,\"valueName\":\"search_term_string\"}}],\"inLanguage\":\"es\"}]}<\/script>\n<!-- \/ Yoast SEO plugin. -->","yoast_head_json":{"title":"Aviso legal - bee2link group","description":"Nous nous engageons \u00e0 respecter les normes l\u00e9gales et \u00e0 garantir la transparence dans nos pratiques en ligne.","robots":{"index":"index","follow":"follow","max-snippet":"max-snippet:-1","max-image-preview":"max-image-preview:large","max-video-preview":"max-video-preview:-1"},"canonical":"https:\/\/bee2linkgroup.com\/es\/mentions-legales\/","og_locale":"es_ES","og_type":"article","og_title":"Aviso legal - bee2link group","og_description":"Nous nous engageons \u00e0 respecter les normes l\u00e9gales et \u00e0 garantir la transparence dans nos pratiques en ligne.","og_url":"https:\/\/bee2linkgroup.com\/es\/mentions-legales\/","og_site_name":"bee2link group","article_modified_time":"2025-09-23T08:41:16+00:00","twitter_card":"summary_large_image","twitter_misc":{"Tiempo de lectura":"1 minuto"},"schema":{"@context":"https:\/\/schema.org","@graph":[{"@type":"WebPage","@id":"https:\/\/bee2linkgroup.com\/es\/mentions-legales\/","url":"https:\/\/bee2linkgroup.com\/es\/mentions-legales\/","name":"Aviso legal - bee2link group","isPartOf":{"@id":"https:\/\/bee2linkgroup.com\/es\/#website"},"datePublished":"2023-08-01T08:36:31+00:00","dateModified":"2025-09-23T08:41:16+00:00","description":"Nous nous engageons \u00e0 respecter les normes l\u00e9gales et \u00e0 garantir la transparence dans nos pratiques en ligne.","breadcrumb":{"@id":"https:\/\/bee2linkgroup.com\/es\/mentions-legales\/#breadcrumb"},"inLanguage":"es","potentialAction":[{"@type":"ReadAction","target":["https:\/\/bee2linkgroup.com\/es\/mentions-legales\/"]}]},{"@type":"BreadcrumbList","@id":"https:\/\/bee2linkgroup.com\/es\/mentions-legales\/#breadcrumb","itemListElement":[{"@type":"ListItem","position":1,"name":"Accueil","item":"https:\/\/bee2linkgroup.com\/es\/"},{"@type":"ListItem","position":2,"name":"Aviso legal"}]},{"@type":"WebSite","@id":"https:\/\/bee2linkgroup.com\/es\/#website","url":"https:\/\/bee2linkgroup.com\/es\/","name":"bee2link group","description":"Le partenaire de votre futur.","potentialAction":[{"@type":"SearchAction","target":{"@type":"EntryPoint","urlTemplate":"https:\/\/bee2linkgroup.com\/es\/?s={search_term_string}"},"query-input":{"@type":"PropertyValueSpecification","valueRequired":true,"valueName":"search_term_string"}}],"inLanguage":"es"}]}},"_links":{"self":[{"href":"https:\/\/bee2linkgroup.com\/es\/wp-json\/wp\/v2\/pages\/110624","targetHints":{"allow":["GET"]}}],"collection":[{"href":"https:\/\/bee2linkgroup.com\/es\/wp-json\/wp\/v2\/pages"}],"about":[{"href":"https:\/\/bee2linkgroup.com\/es\/wp-json\/wp\/v2\/types\/page"}],"author":[{"embeddable":true,"href":"https:\/\/bee2linkgroup.com\/es\/wp-json\/wp\/v2\/users\/5"}],"replies":[{"embeddable":true,"href":"https:\/\/bee2linkgroup.com\/es\/wp-json\/wp\/v2\/comments?post=110624"}],"version-history":[{"count":6,"href":"https:\/\/bee2linkgroup.com\/es\/wp-json\/wp\/v2\/pages\/110624\/revisions"}],"predecessor-version":[{"id":347965,"href":"https:\/\/bee2linkgroup.com\/es\/wp-json\/wp\/v2\/pages\/110624\/revisions\/347965"}],"wp:attachment":[{"href":"https:\/\/bee2linkgroup.com\/es\/wp-json\/wp\/v2\/media?parent=110624"}],"curies":[{"name":"wp","href":"https:\/\/api.w.org\/{rel}","templated":true}]}}