{"id":110307,"date":"2023-07-31T09:36:15","date_gmt":"2023-07-31T07:36:15","guid":{"rendered":"https:\/\/bee2linkgroup.com\/politique-de-confidentialite\/"},"modified":"2025-06-23T14:56:15","modified_gmt":"2025-06-23T12:56:15","slug":"politica-de-privacidad","status":"publish","type":"page","link":"https:\/\/bee2linkgroup.com\/es\/politica-de-privacidad\/","title":{"rendered":"Pol\u00edtica de privacidad"},"content":{"rendered":"\t\t<div data-elementor-type=\"wp-page\" data-elementor-id=\"110307\" class=\"elementor elementor-110307 elementor-3\" data-elementor-post-type=\"page\">\n\t\t\t\t\t\t<section class=\"elementor-section elementor-top-section elementor-element elementor-element-904da65 elementor-section-boxed elementor-section-height-default elementor-section-height-default\" data-id=\"904da65\" data-element_type=\"section\" data-e-type=\"section\">\n\t\t\t\t\t\t<div class=\"elementor-container elementor-column-gap-default\">\n\t\t\t\t\t<div class=\"elementor-column elementor-col-100 elementor-top-column elementor-element elementor-element-725fcda6\" data-id=\"725fcda6\" data-element_type=\"column\" data-e-type=\"column\">\n\t\t\t<div class=\"elementor-widget-wrap elementor-element-populated\">\n\t\t\t\t\t\t<div class=\"elementor-element elementor-element-6e5770ed elementor-widget elementor-widget-text-editor\" data-id=\"6e5770ed\" data-element_type=\"widget\" data-e-type=\"widget\" data-widget_type=\"text-editor.default\">\n\t\t\t\t<div class=\"elementor-widget-container\">\n\t\t\t\t\t\t\t\t\t<h1><span style=\"color: #1f3e80;\">Pol\u00edtica de privacidad<\/span><\/h1>\n<h2><span style=\"color: #1f3e80;\"> Introducci\u00f3n<\/span><\/h2>\n&nbsp;\n\nEn el curso de sus actividades, bee2link group puede procesar tus datos personales de acuerdo con la normativa aplicable. Esta pol\u00edtica te proporciona informaci\u00f3n sobre c\u00f3mo se procesan tus datos personales.\nDisponible en nuestro sitio web, esta pol\u00edtica se actualiza peri\u00f3dicamente para tener en cuenta la evoluci\u00f3n legislativa y reglamentaria, as\u00ed como cualquier cambio en el tratamiento que bee2link group lleva a cabo. Esta pol\u00edtica se actualiz\u00f3 el 04 de junio de 2024.\n<h2><span style=\"color: #1f3e80;\"> \u00bfQui\u00e9nes somos?<\/span><\/h2>\nbee2link group es responsable del tratamiento de los datos personales de los visitantes del sitio web <a href=\"https:\/\/bee2linkgroup.com\/\">https:\/\/bee2linkgroup.com\/<\/a> y de los clientes de sus plataformas.\n<h2><span style=\"color: #1f3e80;\"> \u00bfCu\u00e1les son nuestros compromisos? <\/span><\/h2>\nNos comprometemos a cumplir la normativa aplicable en todos los tratamientos de datos personales que realizamos. Por tanto, nos comprometemos a cumplir los siguientes principios:\n<ul>\n \t<li>Procesamos tus datos personales de forma legal, justa y transparente.<\/li>\n \t<li>Recogemos tus datos personales con fines espec\u00edficos, expl\u00edcitos y leg\u00edtimos y no los procesamos de forma incompatible con dichos fines.<\/li>\n \t<li>Nos aseguramos de que los datos personales sean adecuados, pertinentes y limitados a lo necesario para los fines para los que se tratan.<\/li>\n \t<li>Hacemos todo lo posible para garantizar que los datos personales sean exactos y, en caso necesario, se mantengan actualizados. Tomamos todas las medidas razonables para garantizar que los datos personales que sean inexactos, teniendo en cuenta los fines para los que se procesan, se eliminen o rectifiquen sin demora.<\/li>\n \t<li>Conservaremos tus datos personales en una forma que permita identificarte s\u00f3lo durante el tiempo que sea necesario para los fines para los que vayan a ser tratados.<\/li>\n \t<li>Garantizamos un nivel de seguridad adecuado para los datos personales que procesamos.<\/li>\n<\/ul>\nEstos compromisos se expresan de la siguiente manera:\n<ul>\n \t<li>Respetamos tu intimidad.<\/li>\n \t<li>Garantizamos que la protecci\u00f3n y seguridad de tus datos personales es nuestra principal preocupaci\u00f3n.<\/li>\n \t<li>No utilizamos tus datos personales para fines que no hayan sido puestos en tu conocimiento.<\/li>\n \t<li>No consideramos que tus datos personales deban almacenarse indefinidamente.<\/li>\n \t<li>No vendemos tus datos personales a terceros.<\/li>\n \t<li>Trabajamos con socios de confianza que ofrecen garant\u00edas suficientes en cuanto a la aplicaci\u00f3n de medidas t\u00e9cnicas y organizativas para asegurar que nuestro tratamiento cumple los requisitos de la normativa vigente.<\/li>\n \t<li>Respetamos tus derechos como interesado y haremos todo lo posible por responder a tus solicitudes tan pronto como est\u00e9n justificadas.<\/li>\n<\/ul>\n<h2><span style=\"color: #1f3e80;\"> \u00bfQu\u00e9 datos personales tratamos y durante cu\u00e1nto tiempo?<\/span><\/h2>\nTe recordamos que los datos personales son cualquier informaci\u00f3n relativa a una persona f\u00edsica identificada o identificable (el \u00abinteresado\u00bb), como tu nombre y apellidos o tu direcci\u00f3n postal o de correo electr\u00f3nico. Nos comprometemos a tratar \u00fanicamente los datos personales estrictamente necesarios para los fines para los que se recogen y a conservarlos s\u00f3lo durante el tiempo necesario para dichos fines. Las categor\u00edas de datos personales que tratamos son las siguientes:\n<table style=\"border-collapse: collapse; width: 100%;\">\n<tbody>\n<tr>\n<td style=\"width: 24.9769%;\"><b>Actividades de tratamiento<\/b><\/td>\n<td style=\"width: 24.9769%;\"><b>Base jur\u00eddica<\/b><\/td>\n<td style=\"width: 24.9769%;\"><b>Categor\u00edas de datos personales<\/b><\/td>\n<td style=\"width: 24.9769%;\"><b>Periodo de conservaci\u00f3n (base activa)<\/b><\/td>\n<\/tr>\n<tr>\n<td style=\"width: 24.9769%;\"><span style=\"font-weight: 400;\">Gesti\u00f3n de las solicitudes enviadas a trav\u00e9s del formulario de contacto<\/span><\/td>\n<td style=\"width: 24.9769%;\"><span style=\"font-weight: 400;\">Inter\u00e9s leg\u00edtimo<\/span><\/td>\n<td style=\"width: 24.9769%;\"><span style=\"font-weight: 400;\">Datos de identificaci\u00f3n<\/span><\/td>\n<td style=\"width: 24.9769%;\"><span style=\"font-weight: 400;\">El tiempo necesario para responder a la solicitud en cuesti\u00f3n<\/span><\/td>\n<\/tr>\n<tr>\n<td style=\"width: 24.9769%;\"><span style=\"font-weight: 400;\">Env\u00edo de correos electr\u00f3nicos de prospecci\u00f3n comercial<\/span><\/td>\n<td style=\"width: 24.9769%;\"><span style=\"font-weight: 400;\">Inter\u00e9s leg\u00edtimo<\/span><\/td>\n<td style=\"width: 24.9769%;\"><span style=\"font-weight: 400;\">Datos de identificaci\u00f3n<\/span><\/td>\n<td style=\"width: 24.9769%;\"><span style=\"font-weight: 400;\">3 a\u00f1os a partir de la fecha de recogida de los datos o del \u00faltimo contacto, salvo que te opongas expresamente a dicho uso.<\/span><\/td>\n<\/tr>\n<tr>\n<td style=\"width: 24.9769%;\"><span style=\"font-weight: 400;\">Gesti\u00f3n de la contrataci\u00f3n<\/span><\/td>\n<td style=\"width: 24.9769%;\"><span style=\"font-weight: 400;\">Ejecuci\u00f3n de medidas precontractuales<\/span><\/td>\n<td style=\"width: 24.9769%;\"><span style=\"font-weight: 400;\">Datos de identificaci\u00f3n y datos relativos a la situaci\u00f3n profesional del solicitante<\/span><\/td>\n<td style=\"width: 24.9769%;\"><span style=\"font-weight: 400;\">2 a\u00f1os desde la presentaci\u00f3n de la solicitud (salvo oposici\u00f3n)<\/span><\/td>\n<\/tr>\n<tr>\n<td style=\"width: 24.9769%;\"><span style=\"font-weight: 400;\">Videovigilancia<\/span><\/td>\n<td style=\"width: 24.9769%;\"><span style=\"font-weight: 400;\">Inter\u00e9s leg\u00edtimo<\/span><\/td>\n<td style=\"width: 24.9769%;\"><span style=\"font-weight: 400;\">Datos de identificaci\u00f3n y datos relativos al estilo de vida de las personas grabadas<\/span><\/td>\n<td style=\"width: 24.9769%;\"><span style=\"font-weight: 400;\">1 semana desde la grabaci\u00f3n<\/span><\/td>\n<\/tr>\n<tr>\n<td style=\"width: 24.9769%;\"><span style=\"font-weight: 400;\">Gesti\u00f3n de clientes<\/span><\/td>\n<td style=\"width: 24.9769%;\"><span style=\"font-weight: 400;\">Ejecuci\u00f3n de contratos<\/span><\/td>\n<td style=\"width: 24.9769%;\"><span style=\"font-weight: 400;\">Datos de identificaci\u00f3n<\/span><\/td>\n<td style=\"width: 24.9769%;\"><span style=\"font-weight: 400;\">5 a\u00f1os desde el final de la relaci\u00f3n contractual<\/span>\n\n<span style=\"font-weight: 400;\">10 a\u00f1os para las facturas a partir de la fecha de emisi\u00f3n<\/span><\/td>\n<\/tr>\n<tr>\n<td style=\"width: 24.9769%;\"><span style=\"font-weight: 400;\">Gesti\u00f3n de proveedores<\/span><\/td>\n<td style=\"width: 24.9769%;\"><span style=\"font-weight: 400;\">Ejecuci\u00f3n de contratos<\/span><\/td>\n<td style=\"width: 24.9769%;\"><span style=\"font-weight: 400;\">Datos de identificaci\u00f3n<\/span><\/td>\n<td style=\"width: 24.9769%;\"><span style=\"font-weight: 400;\">5 a\u00f1os desde el final de la relaci\u00f3n contractual<\/span>\n\n<span style=\"font-weight: 400;\">10 a\u00f1os para las facturas a partir de la fecha de emisi\u00f3n<\/span><\/td>\n<\/tr>\n<tr>\n<td style=\"width: 24.9769%;\"><span style=\"font-weight: 400;\">Campa\u00f1as para mejorar la experiencia del usuario<\/span><\/td>\n<td style=\"width: 24.9769%;\"><span style=\"font-weight: 400;\">Inter\u00e9s leg\u00edtimo<\/span><\/td>\n<td style=\"width: 24.9769%;\"><span style=\"font-weight: 400;\">Datos de contacto<\/span><\/td>\n<td style=\"width: 24.9769%;\"><span style=\"font-weight: 400;\">Es hora de la campa\u00f1a de mejora del recorrido del usuario<\/span><\/td>\n<\/tr>\n<tr>\n<td style=\"width: 24.9769%;\"><span style=\"font-weight: 400;\">Campa\u00f1as para mejorar la experiencia del usuario<\/span><\/td>\n<td style=\"width: 24.9769%;\"><span style=\"font-weight: 400;\">Consentimiento<\/span><\/td>\n<td style=\"width: 24.9769%;\">&nbsp;\n\nDatos de contacto Datos de identificaci\u00f3n Respuestas dadas en cuestionarios Grabaci\u00f3n de pantalla, si procede<\/td>\n<td style=\"width: 24.9769%;\"><span style=\"font-weight: 400;\">Durante la campa\u00f1a de mejora de la experiencia del usuario<\/span><\/td>\n<\/tr>\n<\/tbody>\n<\/table>\n<h2><\/h2>\n<h2><span style=\"color: #1f3e80;\"> \u00bfQui\u00e9n puede acceder a tus datos personales?<\/span><\/h2>\nTus datos se comunicar\u00e1n, en su caso, s\u00f3lo a los siguientes destinatarios:\n<ul>\n \t<li>Personal autorizado de bee2link group;<\/li>\n \t<li>Los subcontratistas y proveedores de servicios de confianza de bee2link group son responsables de :\n<ul>\n \t<li>alojamiento de sitios web;<\/li>\n \t<li>almacenamiento de tus datos personales;<\/li>\n \t<li>mantenimiento de equipos\/software ;<\/li>\n \t<li>operaciones de marketing, comerciales, estad\u00edsticas y de investigaci\u00f3n;<\/li>\n \t<li>despliegue, formaci\u00f3n y apoyo a la transformaci\u00f3n.<\/li>\n<\/ul>\n<\/li>\n<\/ul>\nHacemos todo lo posible para que el n\u00famero de estas personas sea el menor posible.\nS\u00f3lo proporcionamos a nuestros proveedores de servicios de confianza la informaci\u00f3n que necesitan estrictamente para prestar el servicio y no pueden utilizar tus datos personales para ning\u00fan otro fin.\nSiempre hacemos todo lo posible para garantizar que todos nuestros proveedores de servicios de confianza con los que trabajamos mantengan la seguridad de tus datos.\nTambi\u00e9n nos aseguramos de que cuando nuestra relaci\u00f3n con un proveedor de servicios de confianza llegue a su fin, dicho proveedor elimine tus datos personales sin demora.\n\nSeleccionamos a nuestros proveedores de servicios de confianza con sumo cuidado, asegur\u00e1ndonos de que ofrecen garant\u00edas suficientes, especialmente en t\u00e9rminos de experiencia, fiabilidad y recursos, para aplicar las medidas t\u00e9cnicas y organizativas capaces de cumplir los requisitos de la legislaci\u00f3n aplicable, especialmente en t\u00e9rminos de seguridad. En este sentido, nos aseguramos de que nuestros proveedores de servicios de confianza traten los datos personales \u00fanicamente siguiendo nuestras instrucciones documentadas. Tambi\u00e9n nos aseguramos de que su personal se haya comprometido a respetar la confidencialidad o est\u00e9 sujeto a una obligaci\u00f3n legal adecuada de confidencialidad.\n<h2><span style=\"color: #1f3e80;\"> \u00bfCu\u00e1les son tus derechos como interesado? <\/span><\/h2>\nTienes derecho a acceder, rectificar, suprimir y portar tus datos personales, as\u00ed como derecho a limitar el tratamiento de estos datos. Para obtener m\u00e1s informaci\u00f3n sobre tus derechos, visita el sitio web cnil.fr.\n\n<span style=\"text-decoration: underline;\">Puedes ejercer tus derechos :<\/span>\n<ul>\n \t<li>Por correo electr\u00f3nico a la siguiente direcci\u00f3n: <a href=\"mailto:bee2linkgroupe_dpo@derriennic.com\">bee2linkgroupe_dpo@derriennic.com<\/a><\/li>\n \t<li>Por correo postal a la siguiente direcci\u00f3n: bee2link group, 278 boulevard Saint-Germain 75007 Paris.<\/li>\n<\/ul>\t\t\t\t\t\t\t\t<\/div>\n\t\t\t\t<\/div>\n\t\t\t\t\t<\/div>\n\t\t<\/div>\n\t\t\t\t\t<\/div>\n\t\t<\/section>\n\t\t\t\t<\/div>\n\t\t","protected":false},"excerpt":{"rendered":"<p>Pol\u00edtica de privacidad Introducci\u00f3n &nbsp; En el curso de sus actividades, bee2link group puede procesar tus datos personales de acuerdo con la normativa aplicable. Esta pol\u00edtica te proporciona informaci\u00f3n sobre c\u00f3mo se procesan tus datos personales. Disponible en nuestro sitio web, esta pol\u00edtica se actualiza peri\u00f3dicamente para tener en cuenta la evoluci\u00f3n legislativa y reglamentaria, [&hellip;]<\/p>\n","protected":false},"author":5,"featured_media":0,"parent":0,"menu_order":0,"comment_status":"closed","ping_status":"closed","template":"","meta":{"_acf_changed":false,"content-type":"","footnotes":""},"class_list":["post-110307","page","type-page","status-publish","hentry"],"acf":[],"yoast_head":"<!-- This site is optimized with the Yoast SEO plugin v27.3 - https:\/\/yoast.com\/product\/yoast-seo-wordpress\/ -->\n<title>Pol\u00edtica de privacidad - bee2link group<\/title>\n<meta name=\"description\" content=\"Consulta nuestra pol\u00edtica de privacidad para saber c\u00f3mo recogemos, utilizamos y protegemos tus datos personales.\" \/>\n<meta name=\"robots\" content=\"index, follow, max-snippet:-1, max-image-preview:large, max-video-preview:-1\" \/>\n<link rel=\"canonical\" href=\"https:\/\/bee2linkgroup.com\/es\/politica-de-privacidad\/\" \/>\n<meta property=\"og:locale\" content=\"es_ES\" \/>\n<meta property=\"og:type\" content=\"article\" \/>\n<meta property=\"og:title\" content=\"Pol\u00edtica de privacidad - bee2link group\" \/>\n<meta property=\"og:description\" content=\"Consulta nuestra pol\u00edtica de privacidad para saber c\u00f3mo recogemos, utilizamos y protegemos tus datos personales.\" \/>\n<meta property=\"og:url\" content=\"https:\/\/bee2linkgroup.com\/es\/politica-de-privacidad\/\" \/>\n<meta property=\"og:site_name\" content=\"bee2link group\" \/>\n<meta property=\"article:modified_time\" content=\"2025-06-23T12:56:15+00:00\" \/>\n<meta name=\"twitter:card\" content=\"summary_large_image\" \/>\n<meta name=\"twitter:label1\" content=\"Tiempo de lectura\" \/>\n\t<meta name=\"twitter:data1\" content=\"5 minutos\" \/>\n<script type=\"application\/ld+json\" class=\"yoast-schema-graph\">{\"@context\":\"https:\\\/\\\/schema.org\",\"@graph\":[{\"@type\":\"WebPage\",\"@id\":\"https:\\\/\\\/bee2linkgroup.com\\\/es\\\/politica-de-privacidad\\\/\",\"url\":\"https:\\\/\\\/bee2linkgroup.com\\\/es\\\/politica-de-privacidad\\\/\",\"name\":\"Pol\u00edtica de privacidad - bee2link group\",\"isPartOf\":{\"@id\":\"https:\\\/\\\/bee2linkgroup.com\\\/es\\\/#website\"},\"datePublished\":\"2023-07-31T07:36:15+00:00\",\"dateModified\":\"2025-06-23T12:56:15+00:00\",\"description\":\"Consulta nuestra pol\u00edtica de privacidad para saber c\u00f3mo recogemos, utilizamos y protegemos tus datos personales.\",\"breadcrumb\":{\"@id\":\"https:\\\/\\\/bee2linkgroup.com\\\/es\\\/politica-de-privacidad\\\/#breadcrumb\"},\"inLanguage\":\"es\",\"potentialAction\":[{\"@type\":\"ReadAction\",\"target\":[\"https:\\\/\\\/bee2linkgroup.com\\\/es\\\/politica-de-privacidad\\\/\"]}]},{\"@type\":\"BreadcrumbList\",\"@id\":\"https:\\\/\\\/bee2linkgroup.com\\\/es\\\/politica-de-privacidad\\\/#breadcrumb\",\"itemListElement\":[{\"@type\":\"ListItem\",\"position\":1,\"name\":\"Accueil\",\"item\":\"https:\\\/\\\/bee2linkgroup.com\\\/es\\\/\"},{\"@type\":\"ListItem\",\"position\":2,\"name\":\"Pol\u00edtica de privacidad\"}]},{\"@type\":\"WebSite\",\"@id\":\"https:\\\/\\\/bee2linkgroup.com\\\/es\\\/#website\",\"url\":\"https:\\\/\\\/bee2linkgroup.com\\\/es\\\/\",\"name\":\"bee2link group\",\"description\":\"Le partenaire de votre futur.\",\"potentialAction\":[{\"@type\":\"SearchAction\",\"target\":{\"@type\":\"EntryPoint\",\"urlTemplate\":\"https:\\\/\\\/bee2linkgroup.com\\\/es\\\/?s={search_term_string}\"},\"query-input\":{\"@type\":\"PropertyValueSpecification\",\"valueRequired\":true,\"valueName\":\"search_term_string\"}}],\"inLanguage\":\"es\"}]}<\/script>\n<!-- \/ Yoast SEO plugin. -->","yoast_head_json":{"title":"Pol\u00edtica de privacidad - bee2link group","description":"Consulta nuestra pol\u00edtica de privacidad para saber c\u00f3mo recogemos, utilizamos y protegemos tus datos personales.","robots":{"index":"index","follow":"follow","max-snippet":"max-snippet:-1","max-image-preview":"max-image-preview:large","max-video-preview":"max-video-preview:-1"},"canonical":"https:\/\/bee2linkgroup.com\/es\/politica-de-privacidad\/","og_locale":"es_ES","og_type":"article","og_title":"Pol\u00edtica de privacidad - bee2link group","og_description":"Consulta nuestra pol\u00edtica de privacidad para saber c\u00f3mo recogemos, utilizamos y protegemos tus datos personales.","og_url":"https:\/\/bee2linkgroup.com\/es\/politica-de-privacidad\/","og_site_name":"bee2link group","article_modified_time":"2025-06-23T12:56:15+00:00","twitter_card":"summary_large_image","twitter_misc":{"Tiempo de lectura":"5 minutos"},"schema":{"@context":"https:\/\/schema.org","@graph":[{"@type":"WebPage","@id":"https:\/\/bee2linkgroup.com\/es\/politica-de-privacidad\/","url":"https:\/\/bee2linkgroup.com\/es\/politica-de-privacidad\/","name":"Pol\u00edtica de privacidad - bee2link group","isPartOf":{"@id":"https:\/\/bee2linkgroup.com\/es\/#website"},"datePublished":"2023-07-31T07:36:15+00:00","dateModified":"2025-06-23T12:56:15+00:00","description":"Consulta nuestra pol\u00edtica de privacidad para saber c\u00f3mo recogemos, utilizamos y protegemos tus datos personales.","breadcrumb":{"@id":"https:\/\/bee2linkgroup.com\/es\/politica-de-privacidad\/#breadcrumb"},"inLanguage":"es","potentialAction":[{"@type":"ReadAction","target":["https:\/\/bee2linkgroup.com\/es\/politica-de-privacidad\/"]}]},{"@type":"BreadcrumbList","@id":"https:\/\/bee2linkgroup.com\/es\/politica-de-privacidad\/#breadcrumb","itemListElement":[{"@type":"ListItem","position":1,"name":"Accueil","item":"https:\/\/bee2linkgroup.com\/es\/"},{"@type":"ListItem","position":2,"name":"Pol\u00edtica de privacidad"}]},{"@type":"WebSite","@id":"https:\/\/bee2linkgroup.com\/es\/#website","url":"https:\/\/bee2linkgroup.com\/es\/","name":"bee2link group","description":"Le partenaire de votre futur.","potentialAction":[{"@type":"SearchAction","target":{"@type":"EntryPoint","urlTemplate":"https:\/\/bee2linkgroup.com\/es\/?s={search_term_string}"},"query-input":{"@type":"PropertyValueSpecification","valueRequired":true,"valueName":"search_term_string"}}],"inLanguage":"es"}]}},"_links":{"self":[{"href":"https:\/\/bee2linkgroup.com\/es\/wp-json\/wp\/v2\/pages\/110307","targetHints":{"allow":["GET"]}}],"collection":[{"href":"https:\/\/bee2linkgroup.com\/es\/wp-json\/wp\/v2\/pages"}],"about":[{"href":"https:\/\/bee2linkgroup.com\/es\/wp-json\/wp\/v2\/types\/page"}],"author":[{"embeddable":true,"href":"https:\/\/bee2linkgroup.com\/es\/wp-json\/wp\/v2\/users\/5"}],"replies":[{"embeddable":true,"href":"https:\/\/bee2linkgroup.com\/es\/wp-json\/wp\/v2\/comments?post=110307"}],"version-history":[{"count":0,"href":"https:\/\/bee2linkgroup.com\/es\/wp-json\/wp\/v2\/pages\/110307\/revisions"}],"wp:attachment":[{"href":"https:\/\/bee2linkgroup.com\/es\/wp-json\/wp\/v2\/media?parent=110307"}],"curies":[{"name":"wp","href":"https:\/\/api.w.org\/{rel}","templated":true}]}}