{"id":108343,"date":"2023-10-10T10:42:43","date_gmt":"2023-10-10T08:42:43","guid":{"rendered":"https:\/\/bee2linkgroup.com\/contact\/"},"modified":"2026-02-12T11:14:51","modified_gmt":"2026-02-12T10:14:51","slug":"contacto","status":"publish","type":"page","link":"https:\/\/bee2linkgroup.com\/es\/contacto\/","title":{"rendered":"Contact"},"content":{"rendered":"\t\t<div data-elementor-type=\"wp-page\" data-elementor-id=\"108343\" class=\"elementor elementor-108343 elementor-1950\" data-elementor-post-type=\"page\">\n\t\t\t\t\t\t<section class=\"elementor-section elementor-top-section elementor-element elementor-element-2838e45 elementor-section-boxed elementor-section-height-default elementor-section-height-default\" data-id=\"2838e45\" data-element_type=\"section\" data-e-type=\"section\">\n\t\t\t\t\t\t<div class=\"elementor-container elementor-column-gap-default\">\n\t\t\t\t\t<div class=\"elementor-column elementor-col-50 elementor-top-column elementor-element elementor-element-fd9bfe1\" data-id=\"fd9bfe1\" data-element_type=\"column\" data-e-type=\"column\">\n\t\t\t<div class=\"elementor-widget-wrap elementor-element-populated\">\n\t\t\t\t\t\t<div class=\"elementor-element elementor-element-49aa4da elementor-widget elementor-widget-heading\" data-id=\"49aa4da\" data-element_type=\"widget\" data-e-type=\"widget\" data-widget_type=\"heading.default\">\n\t\t\t\t<div class=\"elementor-widget-container\">\n\t\t\t\t\t<h1 class=\"elementor-heading-title elementor-size-default\">Contacte con nosotros<\/h1>\t\t\t\t<\/div>\n\t\t\t\t<\/div>\n\t\t\t\t<div class=\"elementor-element elementor-element-1fd3b92 elementor-widget elementor-widget-text-editor\" data-id=\"1fd3b92\" data-element_type=\"widget\" data-e-type=\"widget\" data-widget_type=\"text-editor.default\">\n\t\t\t\t<div class=\"elementor-widget-container\">\n\t\t\t\t\t\t\t\t\t<p>Nuestros equipos est\u00e1n a su disposici\u00f3n para presentarle nuestras ofertas predefinidas o para recomendarle soluciones a medida.<\/p>\t\t\t\t\t\t\t\t<\/div>\n\t\t\t\t<\/div>\n\t\t\t\t\t<\/div>\n\t\t<\/div>\n\t\t\t\t<div class=\"elementor-column elementor-col-50 elementor-top-column elementor-element elementor-element-02d1e3e elementor-hidden-tablet elementor-hidden-mobile\" data-id=\"02d1e3e\" data-element_type=\"column\" data-e-type=\"column\" data-settings=\"{&quot;background_background&quot;:&quot;classic&quot;}\">\n\t\t\t<div class=\"elementor-widget-wrap elementor-element-populated\">\n\t\t\t\t\t\t<div class=\"elementor-element elementor-element-b371110 elementor-widget__width-initial elementor-widget elementor-widget-image\" data-id=\"b371110\" data-element_type=\"widget\" data-e-type=\"widget\" data-widget_type=\"image.default\">\n\t\t\t\t<div class=\"elementor-widget-container\">\n\t\t\t\t\t\t\t\t\t\t\t\t\t\t\t<img loading=\"lazy\" decoding=\"async\" width=\"728\" height=\"728\" src=\"https:\/\/bee2linkgroup.com\/wp-content\/uploads\/2023\/10\/560F75E6-D777-4AE0-B509-0FE3E10B06AF-2.svg\" class=\"attachment-full size-full wp-image-19020\" alt=\"\" \/>\t\t\t\t\t\t\t\t\t\t\t\t\t\t\t<\/div>\n\t\t\t\t<\/div>\n\t\t\t\t\t<\/div>\n\t\t<\/div>\n\t\t\t\t\t<\/div>\n\t\t<\/section>\n\t\t\t\t<section class=\"elementor-section elementor-top-section elementor-element elementor-element-6cd0d52 elementor-section-boxed elementor-section-height-default elementor-section-height-default\" data-id=\"6cd0d52\" data-element_type=\"section\" data-e-type=\"section\">\n\t\t\t\t\t\t<div class=\"elementor-container elementor-column-gap-default\">\n\t\t\t\t\t<div class=\"elementor-column elementor-col-100 elementor-top-column elementor-element elementor-element-fcb6d23\" data-id=\"fcb6d23\" data-element_type=\"column\" data-e-type=\"column\">\n\t\t\t<div class=\"elementor-widget-wrap elementor-element-populated\">\n\t\t\t\t\t\t<div class=\"elementor-element elementor-element-40747a9 elementor-widget elementor-widget-jet-tabs\" data-id=\"40747a9\" data-element_type=\"widget\" data-e-type=\"widget\" data-settings=\"{&quot;tabs_position_mobile&quot;:&quot;top&quot;,&quot;tabs_position&quot;:&quot;top&quot;}\" data-widget_type=\"jet-tabs.default\">\n\t\t\t\t<div class=\"elementor-widget-container\">\n\t\t\t\t\t\n\t\t<div class=\"jet-tabs jet-tabs-position-top jet-tabs-move-up-effect \" data-settings=\"{&quot;activeIndex&quot;:0,&quot;event&quot;:&quot;click&quot;,&quot;autoSwitch&quot;:false,&quot;autoSwitchDelay&quot;:3000,&quot;ajaxTemplate&quot;:false,&quot;tabsPosition&quot;:&quot;top&quot;,&quot;switchScrolling&quot;:false,&quot;switchScrollingOffset&quot;:0}\">\n\t\t\t<div class=\"jet-tabs__control-wrapper \" role=\"tablist\">\n                                    <div id=\"contact\" class=\"jet-tabs__control jet-tabs__control-icon-left elementor-menu-anchor active-tab \" data-tab=\"1\" tabindex=\"0\" role=\"tab\" aria-controls=\"jet-tabs-content-6751\" aria-expanded=\"true\" data-template-id=\"108650\"><div class=\"jet-tabs__control-inner\"><div class=\"jet-tabs__label-text\"> Contacto por correo electr\u00f3nico<\/div><\/div><\/div><div id=\"demo\" class=\"jet-tabs__control jet-tabs__control-icon-left elementor-menu-anchor  \" data-tab=\"2\" tabindex=\"0\" role=\"tab\" aria-controls=\"jet-tabs-content-6752\" aria-expanded=\"false\" data-template-id=\"345738\"><div class=\"jet-tabs__control-inner\"><div class=\"jet-tabs__label-icon jet-tabs-icon\"><svg xmlns=\"http:\/\/www.w3.org\/2000\/svg\" width=\"256px\" height=\"256px\" viewBox=\"0 0 24 24\" fill=\"none\"><g id=\"SVGRepo_bgCarrier\" stroke-width=\"0\"><\/g><g id=\"SVGRepo_tracerCarrier\" stroke-linecap=\"round\" stroke-linejoin=\"round\"><\/g><g id=\"SVGRepo_iconCarrier\"><path d=\"M2 12C2 8.22876 2 6.34315 3.17157 5.17157C4.34315 4 6.22876 4 10 4H14C17.7712 4 19.6569 4 20.8284 5.17157C22 6.34315 22 8.22876 22 12V14C22 17.7712 22 19.6569 20.8284 20.8284C19.6569 22 17.7712 22 14 22H10C6.22876 22 4.34315 22 3.17157 20.8284C2 19.6569 2 17.7712 2 14V12Z\" stroke=\"#ffffff\" stroke-width=\"1.5\"><\/path><path d=\"M7 4V2.5\" stroke=\"#ffffff\" stroke-width=\"1.5\" stroke-linecap=\"round\"><\/path><path d=\"M17 4V2.5\" stroke=\"#ffffff\" stroke-width=\"1.5\" stroke-linecap=\"round\"><\/path><path d=\"M9 14.5L10.5 13V17\" stroke=\"#ffffff\" stroke-width=\"1.5\" stroke-linecap=\"round\" stroke-linejoin=\"round\"><\/path><path d=\"M13 16V14C13 13.4477 13.4477 13 14 13C14.5523 13 15 13.4477 15 14V16C15 16.5523 14.5523 17 14 17C13.4477 17 13 16.5523 13 16Z\" stroke=\"#ffffff\" stroke-width=\"1.5\" stroke-linecap=\"round\"><\/path><path d=\"M2.5 9H21.5\" stroke=\"#ffffff\" stroke-width=\"1.5\" stroke-linecap=\"round\"><\/path><\/g><\/svg><\/div><div class=\"jet-tabs__label-text\">Solicitar una demo<\/div><\/div><\/div>\n                    \t\t\t    <\/div>\n\t\t\t<div class=\"jet-tabs__content-wrapper\">\n\t\t\t\t<div id=\"jet-tabs-content-6751\" class=\"jet-tabs__content active-content\" data-tab=\"1\" role=\"tabpanel\" aria-hidden=\"false\" data-template-id=\"108650\">\t\t<div data-elementor-type=\"section\" data-elementor-id=\"108650\" class=\"elementor elementor-108650 elementor-1976\" data-elementor-post-type=\"elementor_library\">\n\t\t\t\t\t<section class=\"elementor-section elementor-top-section elementor-element elementor-element-a7a982f elementor-section-boxed elementor-section-height-default elementor-section-height-default\" data-id=\"a7a982f\" data-element_type=\"section\" data-e-type=\"section\">\n\t\t\t\t\t\t<div class=\"elementor-container elementor-column-gap-default\">\n\t\t\t\t\t<div class=\"elementor-column elementor-col-100 elementor-top-column elementor-element elementor-element-70e1c07\" data-id=\"70e1c07\" data-element_type=\"column\" data-e-type=\"column\" data-settings=\"{&quot;background_background&quot;:&quot;classic&quot;}\">\n\t\t\t<div class=\"elementor-widget-wrap elementor-element-populated\">\n\t\t\t\t\t\t<div class=\"elementor-element elementor-element-b2d8796 elementor-widget elementor-widget-heading\" data-id=\"b2d8796\" data-element_type=\"widget\" data-e-type=\"widget\" data-widget_type=\"heading.default\">\n\t\t\t\t<div class=\"elementor-widget-container\">\n\t\t\t\t\t<h2 class=\"elementor-heading-title elementor-size-default\">Formulario de contacto<\/h2>\t\t\t\t<\/div>\n\t\t\t\t<\/div>\n\t\t\t\t<div class=\"elementor-element elementor-element-19064ab elementor-widget elementor-widget-text-editor\" data-id=\"19064ab\" data-element_type=\"widget\" data-e-type=\"widget\" data-widget_type=\"text-editor.default\">\n\t\t\t\t<div class=\"elementor-widget-container\">\n\t\t\t\t\t\t\t\t\t<div><div class=\"flex gap-2 w-full sm:max-w-[850px] overflow-x-auto scrollable-horizontal\"><div><div class=\"message_content_1332 anthropic anthropic-claude-4-2025-05-14 thinking-block-collapsed\"><p>La precisi\u00f3n de la informaci\u00f3n que nos transmitan nos permitir\u00e1 responder de la mejor manera a su solicitud.<\/p><\/div><\/div><\/div><\/div>\t\t\t\t\t\t\t\t<\/div>\n\t\t\t\t<\/div>\n\t\t\t\t<div class=\"elementor-element elementor-element-1ccfed6 elementor-widget elementor-widget-hubspot-form\" data-id=\"1ccfed6\" data-element_type=\"widget\" data-e-type=\"widget\" data-widget_type=\"hubspot-form.default\">\n\t\t\t\t<div class=\"elementor-widget-container\">\n\t\t\t\t\t\n\t\t\t\t\t\t<script>\n\t\t\t\t\t\t\twindow.hsFormsOnReady = window.hsFormsOnReady || [];\n\t\t\t\t\t\t\twindow.hsFormsOnReady.push(()=>{\n\t\t\t\t\t\t\t\thbspt.forms.create({\n\t\t\t\t\t\t\t\t\tportalId: 6639722,\n\t\t\t\t\t\t\t\t\tformId: \"6ad5305e-7521-4c4e-aa2f-d81fa1e2cc72\",\n\t\t\t\t\t\t\t\t\ttarget: \"#hbspt-form-1777500963000-8600851377\",\n\t\t\t\t\t\t\t\t\tregion: \"na1\",\n\t\t\t\t\t\t\t\t\t\n\t\t\t\t\t\t\t})});\n\t\t\t\t\t\t<\/script>\n\t\t\t\t\t\t<div class=\"hbspt-form\" id=\"hbspt-form-1777500963000-8600851377\"><\/div>\t\t\t\t<\/div>\n\t\t\t\t<\/div>\n\t\t\t\t\t<\/div>\n\t\t<\/div>\n\t\t\t\t\t<\/div>\n\t\t<\/section>\n\t\t\t\t<\/div>\n\t\t<\/div><div id=\"jet-tabs-content-6752\" class=\"jet-tabs__content \" data-tab=\"2\" role=\"tabpanel\" aria-hidden=\"true\" data-template-id=\"345738\">\t\t<div data-elementor-type=\"section\" data-elementor-id=\"345738\" class=\"elementor elementor-345738 elementor-343264\" data-elementor-post-type=\"elementor_library\">\n\t\t\t\t\t<section class=\"elementor-section elementor-top-section elementor-element elementor-element-a7a982f elementor-section-boxed elementor-section-height-default elementor-section-height-default\" data-id=\"a7a982f\" data-element_type=\"section\" data-e-type=\"section\">\n\t\t\t\t\t\t<div class=\"elementor-container elementor-column-gap-default\">\n\t\t\t\t\t<div class=\"elementor-column elementor-col-100 elementor-top-column elementor-element elementor-element-70e1c07\" data-id=\"70e1c07\" data-element_type=\"column\" data-e-type=\"column\" data-settings=\"{&quot;background_background&quot;:&quot;classic&quot;}\">\n\t\t\t<div class=\"elementor-widget-wrap elementor-element-populated\">\n\t\t\t\t\t\t<div class=\"elementor-element elementor-element-b2d8796 elementor-widget elementor-widget-heading\" data-id=\"b2d8796\" data-element_type=\"widget\" data-e-type=\"widget\" data-widget_type=\"heading.default\">\n\t\t\t\t<div class=\"elementor-widget-container\">\n\t\t\t\t\t<h2 class=\"elementor-heading-title elementor-size-default\">Convierta su taller en un motor de crecimiento !<\/h2>\t\t\t\t<\/div>\n\t\t\t\t<\/div>\n\t\t\t\t<div class=\"elementor-element elementor-element-19064ab elementor-widget elementor-widget-text-editor\" data-id=\"19064ab\" data-element_type=\"widget\" data-e-type=\"widget\" data-widget_type=\"text-editor.default\">\n\t\t\t\t<div class=\"elementor-widget-container\">\n\t\t\t\t\t\t\t\t\t<p>Descubra c\u00f3mo nuestra soluci\u00f3n automatizada puede ayudarle en el proceso de ventas y fidelizaci\u00f3n.<\/p>\t\t\t\t\t\t\t\t<\/div>\n\t\t\t\t<\/div>\n\t\t\t\t<div class=\"elementor-element elementor-element-c2b4ccc elementor-widget elementor-widget-hubspot-form\" data-id=\"c2b4ccc\" data-element_type=\"widget\" data-e-type=\"widget\" data-widget_type=\"hubspot-form.default\">\n\t\t\t\t<div class=\"elementor-widget-container\">\n\t\t\t\t\t\n\t\t\t\t\t\t<script>\n\t\t\t\t\t\t\twindow.hsFormsOnReady = window.hsFormsOnReady || [];\n\t\t\t\t\t\t\twindow.hsFormsOnReady.push(()=>{\n\t\t\t\t\t\t\t\thbspt.forms.create({\n\t\t\t\t\t\t\t\t\tportalId: 6639722,\n\t\t\t\t\t\t\t\t\tformId: \"c75bfbe6-2075-4f73-8e20-7437191b62de\",\n\t\t\t\t\t\t\t\t\ttarget: \"#hbspt-form-1777500963000-9246383041\",\n\t\t\t\t\t\t\t\t\tregion: \"na1\",\n\t\t\t\t\t\t\t\t\t\n\t\t\t\t\t\t\t})});\n\t\t\t\t\t\t<\/script>\n\t\t\t\t\t\t<div class=\"hbspt-form\" id=\"hbspt-form-1777500963000-9246383041\"><\/div>\t\t\t\t<\/div>\n\t\t\t\t<\/div>\n\t\t\t\t\t<\/div>\n\t\t<\/div>\n\t\t\t\t\t<\/div>\n\t\t<\/section>\n\t\t\t\t<\/div>\n\t\t<\/div>\t\t\t<\/div>\n\t\t\t\t\t<\/div>\n\t\t\t\t\t\t<\/div>\n\t\t\t\t<\/div>\n\t\t\t\t\t<\/div>\n\t\t<\/div>\n\t\t\t\t\t<\/div>\n\t\t<\/section>\n\t\t\t\t<\/div>\n\t\t","protected":false},"excerpt":{"rendered":"<p>Contacte con nosotros Nuestros equipos est\u00e1n a su disposici\u00f3n para presentarle nuestras ofertas predefinidas o para recomendarle soluciones a medida. Contacto por correo electr\u00f3nicoSolicitar una demo Formulario de contacto La precisi\u00f3n de la informaci\u00f3n que nos transmitan nos permitir\u00e1 responder de la mejor manera a su solicitud. Convierta su taller en un motor de crecimiento [&hellip;]<\/p>\n","protected":false},"author":5,"featured_media":0,"parent":0,"menu_order":0,"comment_status":"closed","ping_status":"closed","template":"","meta":{"_acf_changed":false,"content-type":"","footnotes":""},"class_list":["post-108343","page","type-page","status-publish","hentry"],"acf":[],"yoast_head":"<!-- This site is optimized with the Yoast SEO plugin v27.5 - https:\/\/yoast.com\/product\/yoast-seo-wordpress\/ -->\n<title>Obtenga la soluci\u00f3n adecuada a sus necesidades<\/title>\n<meta name=\"description\" content=\"Solicite una demostraci\u00f3n o p\u00f3ngase en contacto con nuestros equipos para obtener m\u00e1s informaci\u00f3n sobre nuestras ofertas de paquetes y soluciones a medida.\" \/>\n<meta name=\"robots\" content=\"index, follow, max-snippet:-1, max-image-preview:large, max-video-preview:-1\" \/>\n<link rel=\"canonical\" href=\"https:\/\/bee2linkgroup.com\/es\/contacto\/\" \/>\n<meta property=\"og:locale\" content=\"es_ES\" \/>\n<meta property=\"og:type\" content=\"article\" \/>\n<meta property=\"og:title\" content=\"Obtenga la soluci\u00f3n adecuada a sus necesidades\" \/>\n<meta property=\"og:description\" content=\"Solicite una demostraci\u00f3n o p\u00f3ngase en contacto con nuestros equipos para obtener m\u00e1s informaci\u00f3n sobre nuestras ofertas de paquetes y soluciones a medida.\" \/>\n<meta property=\"og:url\" content=\"https:\/\/bee2linkgroup.com\/es\/contacto\/\" \/>\n<meta property=\"og:site_name\" content=\"bee2link group\" \/>\n<meta property=\"article:modified_time\" content=\"2026-02-12T10:14:51+00:00\" \/>\n<meta name=\"twitter:card\" content=\"summary_large_image\" \/>\n<meta name=\"twitter:label1\" content=\"Tiempo de lectura\" \/>\n\t<meta name=\"twitter:data1\" content=\"1 minuto\" \/>\n<script type=\"application\/ld+json\" class=\"yoast-schema-graph\">{\"@context\":\"https:\\\/\\\/schema.org\",\"@graph\":[{\"@type\":\"WebPage\",\"@id\":\"https:\\\/\\\/bee2linkgroup.com\\\/es\\\/contacto\\\/\",\"url\":\"https:\\\/\\\/bee2linkgroup.com\\\/es\\\/contacto\\\/\",\"name\":\"Obtenga la soluci\u00f3n adecuada a sus necesidades\",\"isPartOf\":{\"@id\":\"https:\\\/\\\/bee2linkgroup.com\\\/es\\\/#website\"},\"primaryImageOfPage\":{\"@id\":\"https:\\\/\\\/bee2linkgroup.com\\\/es\\\/contacto\\\/#primaryimage\"},\"image\":{\"@id\":\"https:\\\/\\\/bee2linkgroup.com\\\/es\\\/contacto\\\/#primaryimage\"},\"thumbnailUrl\":\"https:\\\/\\\/bee2linkgroup.com\\\/wp-content\\\/uploads\\\/2023\\\/10\\\/560F75E6-D777-4AE0-B509-0FE3E10B06AF-2.svg\",\"datePublished\":\"2023-10-10T08:42:43+00:00\",\"dateModified\":\"2026-02-12T10:14:51+00:00\",\"description\":\"Solicite una demostraci\u00f3n o p\u00f3ngase en contacto con nuestros equipos para obtener m\u00e1s informaci\u00f3n sobre nuestras ofertas de paquetes y soluciones a medida.\",\"breadcrumb\":{\"@id\":\"https:\\\/\\\/bee2linkgroup.com\\\/es\\\/contacto\\\/#breadcrumb\"},\"inLanguage\":\"es\",\"potentialAction\":[{\"@type\":\"ReadAction\",\"target\":[\"https:\\\/\\\/bee2linkgroup.com\\\/es\\\/contacto\\\/\"]}]},{\"@type\":\"ImageObject\",\"inLanguage\":\"es\",\"@id\":\"https:\\\/\\\/bee2linkgroup.com\\\/es\\\/contacto\\\/#primaryimage\",\"url\":\"https:\\\/\\\/bee2linkgroup.com\\\/wp-content\\\/uploads\\\/2023\\\/10\\\/560F75E6-D777-4AE0-B509-0FE3E10B06AF-2.svg\",\"contentUrl\":\"https:\\\/\\\/bee2linkgroup.com\\\/wp-content\\\/uploads\\\/2023\\\/10\\\/560F75E6-D777-4AE0-B509-0FE3E10B06AF-2.svg\"},{\"@type\":\"BreadcrumbList\",\"@id\":\"https:\\\/\\\/bee2linkgroup.com\\\/es\\\/contacto\\\/#breadcrumb\",\"itemListElement\":[{\"@type\":\"ListItem\",\"position\":1,\"name\":\"Accueil\",\"item\":\"https:\\\/\\\/bee2linkgroup.com\\\/es\\\/\"},{\"@type\":\"ListItem\",\"position\":2,\"name\":\"Contact\"}]},{\"@type\":\"WebSite\",\"@id\":\"https:\\\/\\\/bee2linkgroup.com\\\/es\\\/#website\",\"url\":\"https:\\\/\\\/bee2linkgroup.com\\\/es\\\/\",\"name\":\"bee2link group\",\"description\":\"Le partenaire de votre futur.\",\"potentialAction\":[{\"@type\":\"SearchAction\",\"target\":{\"@type\":\"EntryPoint\",\"urlTemplate\":\"https:\\\/\\\/bee2linkgroup.com\\\/es\\\/?s={search_term_string}\"},\"query-input\":{\"@type\":\"PropertyValueSpecification\",\"valueRequired\":true,\"valueName\":\"search_term_string\"}}],\"inLanguage\":\"es\"}]}<\/script>\n<!-- \/ Yoast SEO plugin. -->","yoast_head_json":{"title":"Obtenga la soluci\u00f3n adecuada a sus necesidades","description":"Solicite una demostraci\u00f3n o p\u00f3ngase en contacto con nuestros equipos para obtener m\u00e1s informaci\u00f3n sobre nuestras ofertas de paquetes y soluciones a medida.","robots":{"index":"index","follow":"follow","max-snippet":"max-snippet:-1","max-image-preview":"max-image-preview:large","max-video-preview":"max-video-preview:-1"},"canonical":"https:\/\/bee2linkgroup.com\/es\/contacto\/","og_locale":"es_ES","og_type":"article","og_title":"Obtenga la soluci\u00f3n adecuada a sus necesidades","og_description":"Solicite una demostraci\u00f3n o p\u00f3ngase en contacto con nuestros equipos para obtener m\u00e1s informaci\u00f3n sobre nuestras ofertas de paquetes y soluciones a medida.","og_url":"https:\/\/bee2linkgroup.com\/es\/contacto\/","og_site_name":"bee2link group","article_modified_time":"2026-02-12T10:14:51+00:00","twitter_card":"summary_large_image","twitter_misc":{"Tiempo de lectura":"1 minuto"},"schema":{"@context":"https:\/\/schema.org","@graph":[{"@type":"WebPage","@id":"https:\/\/bee2linkgroup.com\/es\/contacto\/","url":"https:\/\/bee2linkgroup.com\/es\/contacto\/","name":"Obtenga la soluci\u00f3n adecuada a sus necesidades","isPartOf":{"@id":"https:\/\/bee2linkgroup.com\/es\/#website"},"primaryImageOfPage":{"@id":"https:\/\/bee2linkgroup.com\/es\/contacto\/#primaryimage"},"image":{"@id":"https:\/\/bee2linkgroup.com\/es\/contacto\/#primaryimage"},"thumbnailUrl":"https:\/\/bee2linkgroup.com\/wp-content\/uploads\/2023\/10\/560F75E6-D777-4AE0-B509-0FE3E10B06AF-2.svg","datePublished":"2023-10-10T08:42:43+00:00","dateModified":"2026-02-12T10:14:51+00:00","description":"Solicite una demostraci\u00f3n o p\u00f3ngase en contacto con nuestros equipos para obtener m\u00e1s informaci\u00f3n sobre nuestras ofertas de paquetes y soluciones a medida.","breadcrumb":{"@id":"https:\/\/bee2linkgroup.com\/es\/contacto\/#breadcrumb"},"inLanguage":"es","potentialAction":[{"@type":"ReadAction","target":["https:\/\/bee2linkgroup.com\/es\/contacto\/"]}]},{"@type":"ImageObject","inLanguage":"es","@id":"https:\/\/bee2linkgroup.com\/es\/contacto\/#primaryimage","url":"https:\/\/bee2linkgroup.com\/wp-content\/uploads\/2023\/10\/560F75E6-D777-4AE0-B509-0FE3E10B06AF-2.svg","contentUrl":"https:\/\/bee2linkgroup.com\/wp-content\/uploads\/2023\/10\/560F75E6-D777-4AE0-B509-0FE3E10B06AF-2.svg"},{"@type":"BreadcrumbList","@id":"https:\/\/bee2linkgroup.com\/es\/contacto\/#breadcrumb","itemListElement":[{"@type":"ListItem","position":1,"name":"Accueil","item":"https:\/\/bee2linkgroup.com\/es\/"},{"@type":"ListItem","position":2,"name":"Contact"}]},{"@type":"WebSite","@id":"https:\/\/bee2linkgroup.com\/es\/#website","url":"https:\/\/bee2linkgroup.com\/es\/","name":"bee2link group","description":"Le partenaire de votre futur.","potentialAction":[{"@type":"SearchAction","target":{"@type":"EntryPoint","urlTemplate":"https:\/\/bee2linkgroup.com\/es\/?s={search_term_string}"},"query-input":{"@type":"PropertyValueSpecification","valueRequired":true,"valueName":"search_term_string"}}],"inLanguage":"es"}]}},"_links":{"self":[{"href":"https:\/\/bee2linkgroup.com\/es\/wp-json\/wp\/v2\/pages\/108343","targetHints":{"allow":["GET"]}}],"collection":[{"href":"https:\/\/bee2linkgroup.com\/es\/wp-json\/wp\/v2\/pages"}],"about":[{"href":"https:\/\/bee2linkgroup.com\/es\/wp-json\/wp\/v2\/types\/page"}],"author":[{"embeddable":true,"href":"https:\/\/bee2linkgroup.com\/es\/wp-json\/wp\/v2\/users\/5"}],"replies":[{"embeddable":true,"href":"https:\/\/bee2linkgroup.com\/es\/wp-json\/wp\/v2\/comments?post=108343"}],"version-history":[{"count":16,"href":"https:\/\/bee2linkgroup.com\/es\/wp-json\/wp\/v2\/pages\/108343\/revisions"}],"predecessor-version":[{"id":350881,"href":"https:\/\/bee2linkgroup.com\/es\/wp-json\/wp\/v2\/pages\/108343\/revisions\/350881"}],"wp:attachment":[{"href":"https:\/\/bee2linkgroup.com\/es\/wp-json\/wp\/v2\/media?parent=108343"}],"curies":[{"name":"wp","href":"https:\/\/api.w.org\/{rel}","templated":true}]}}