{"id":127489,"date":"2023-08-01T10:36:31","date_gmt":"2023-08-01T08:36:31","guid":{"rendered":"https:\/\/bee2linkgroup.com\/mentions-legales\/"},"modified":"2025-09-23T10:38:59","modified_gmt":"2025-09-23T08:38:59","slug":"mentions-legales","status":"publish","type":"page","link":"https:\/\/bee2linkgroup.com\/de\/mentions-legales\/","title":{"rendered":"Rechtliche Hinweise"},"content":{"rendered":"\t\t<div data-elementor-type=\"wp-page\" data-elementor-id=\"127489\" class=\"elementor elementor-127489 elementor-30\" data-elementor-post-type=\"page\">\n\t\t\t\t\t\t<section class=\"elementor-section elementor-top-section elementor-element elementor-element-97ed389 elementor-section-boxed elementor-section-height-default elementor-section-height-default\" data-id=\"97ed389\" data-element_type=\"section\" data-e-type=\"section\">\n\t\t\t\t\t\t<div class=\"elementor-container elementor-column-gap-default\">\n\t\t\t\t\t<div class=\"elementor-column elementor-col-100 elementor-top-column elementor-element elementor-element-c70c1dc\" data-id=\"c70c1dc\" data-element_type=\"column\" data-e-type=\"column\">\n\t\t\t<div class=\"elementor-widget-wrap elementor-element-populated\">\n\t\t\t\t\t\t<div class=\"elementor-element elementor-element-b04ee9b elementor-widget elementor-widget-text-editor\" data-id=\"b04ee9b\" data-element_type=\"widget\" data-e-type=\"widget\" data-widget_type=\"text-editor.default\">\n\t\t\t\t<div class=\"elementor-widget-container\">\n\t\t\t\t\t\t\t\t\t<h1><span style=\"color: #1f3e80;\">Impressum<\/span><\/h1>\n<h2><span style=\"color: #1f3e80;\">Herausgeber<\/span><\/h2>\nDiese Website, die unter der Adresse <a href=\"https:\/\/bee2linkgroup.com\/\" target=\"_blank\" rel=\"noopener\">https:\/\/bee2linkgroup.com\/<\/a> erreichbar ist, wird herausgegeben von bee2link group, einer vereinfachten Aktiengesellschaft mit einem Stammkapital von 597.322,66 Euro, eingetragen im Handelsregister Paris unter der Nummer 847 509 353, mit Gesch\u00e4ftssitz in 278 boulevard Saint-Germain, 75007 Paris.\nTelefonnummer: +33 3 73 27 05 98\nE-Mail-Adresse: <a href=\"mailto:commerce@bee2link.fr\">commerce@bee2link.fr<\/a>\nDie Verantwortliche Redakteurin ist Sophie Barlois, Marketing- und Kommunikationsdirektorin bee2link group.\n<h2><span style=\"color: #1f3e80;\">Hosting-Anbieter<\/span><\/h2>\nDiese Website wird gehostet von der Gesellschaft OVH: <a href=\"http:\/\/www.ovh.com\" target=\"_blank\" rel=\"noopener\">http:\/\/www.ovh.com<\/a>\nDer Domainname wird gehostet von der Gesellschaft OVH: <a href=\"http:\/\/www.ovh.com\" target=\"_blank\" rel=\"noopener\">http:\/\/www.ovh.com<\/a>\nOVH SAS mit einem Kapital von 10.069.020 \u20ac RCS Lille M\u00e9tropole 424 761 419 00045. Gesch\u00e4ftssitz: 2 rue Kellermann &#8211; 59100 Roubaix &#8211; Frankreich.\n<h2><span style=\"color: #1f3e80;\">Geistiges Eigentum<\/span><\/h2>\nAlle Elemente dieser Internetseite, sowohl in ihrer Gesamtheit als auch einzeln, insbesondere die informatischen, akustischen, visuellen, grafischen Inhalte, die Texte und Bilder, sind ausschlie\u00dfliches Eigentum von bee2link group. Jede Vervielf\u00e4ltigung oder Darstellung eines dieser Elemente ist ohne ausdr\u00fcckliche und vorherige Genehmigung von bee2link group strengstens untersagt und kann eine Urheberrechtsverletzung im Sinne des franz\u00f6sischen Gesetzes \u00fcber geistiges Eigentum darstellen.\t\t\t\t\t\t\t\t<\/div>\n\t\t\t\t<\/div>\n\t\t\t\t\t<\/div>\n\t\t<\/div>\n\t\t\t\t\t<\/div>\n\t\t<\/section>\n\t\t\t\t<\/div>\n\t\t","protected":false},"excerpt":{"rendered":"<p>Impressum Herausgeber Diese Website, die unter der Adresse https:\/\/bee2linkgroup.com\/ erreichbar ist, wird herausgegeben von bee2link group, einer vereinfachten Aktiengesellschaft mit einem Stammkapital von 597.322,66 Euro, eingetragen im Handelsregister Paris unter der Nummer 847 509 353, mit Gesch\u00e4ftssitz in 278 boulevard Saint-Germain, 75007 Paris. Telefonnummer: +33 3 73 27 05 98 E-Mail-Adresse: commerce@bee2link.fr Die Verantwortliche Redakteurin [&hellip;]<\/p>\n","protected":false},"author":5,"featured_media":0,"parent":0,"menu_order":0,"comment_status":"closed","ping_status":"closed","template":"","meta":{"_acf_changed":false,"content-type":"","footnotes":""},"class_list":["post-127489","page","type-page","status-publish","hentry"],"acf":[],"yoast_head":"<!-- This site is optimized with the Yoast SEO plugin v27.3 - https:\/\/yoast.com\/product\/yoast-seo-wordpress\/ -->\n<title>Rechtliche Hinweise - bee2link group<\/title>\n<meta name=\"description\" content=\"Nous nous engageons \u00e0 respecter les normes l\u00e9gales et \u00e0 garantir la transparence dans nos pratiques en ligne.\" \/>\n<meta name=\"robots\" content=\"index, follow, max-snippet:-1, max-image-preview:large, max-video-preview:-1\" \/>\n<link rel=\"canonical\" href=\"https:\/\/bee2linkgroup.com\/de\/mentions-legales\/\" \/>\n<meta property=\"og:locale\" content=\"de_DE\" \/>\n<meta property=\"og:type\" content=\"article\" \/>\n<meta property=\"og:title\" content=\"Rechtliche Hinweise - bee2link group\" \/>\n<meta property=\"og:description\" content=\"Nous nous engageons \u00e0 respecter les normes l\u00e9gales et \u00e0 garantir la transparence dans nos pratiques en ligne.\" \/>\n<meta property=\"og:url\" content=\"https:\/\/bee2linkgroup.com\/de\/mentions-legales\/\" \/>\n<meta property=\"og:site_name\" content=\"bee2link group\" \/>\n<meta property=\"article:modified_time\" content=\"2025-09-23T08:38:59+00:00\" \/>\n<meta name=\"twitter:card\" content=\"summary_large_image\" \/>\n<meta name=\"twitter:label1\" content=\"Gesch\u00e4tzte Lesezeit\" \/>\n\t<meta name=\"twitter:data1\" content=\"1\u00a0Minute\" \/>\n<script type=\"application\/ld+json\" class=\"yoast-schema-graph\">{\"@context\":\"https:\\\/\\\/schema.org\",\"@graph\":[{\"@type\":\"WebPage\",\"@id\":\"https:\\\/\\\/bee2linkgroup.com\\\/de\\\/mentions-legales\\\/\",\"url\":\"https:\\\/\\\/bee2linkgroup.com\\\/de\\\/mentions-legales\\\/\",\"name\":\"Rechtliche Hinweise - bee2link group\",\"isPartOf\":{\"@id\":\"https:\\\/\\\/bee2linkgroup.com\\\/de\\\/#website\"},\"datePublished\":\"2023-08-01T08:36:31+00:00\",\"dateModified\":\"2025-09-23T08:38:59+00:00\",\"description\":\"Nous nous engageons \u00e0 respecter les normes l\u00e9gales et \u00e0 garantir la transparence dans nos pratiques en ligne.\",\"breadcrumb\":{\"@id\":\"https:\\\/\\\/bee2linkgroup.com\\\/de\\\/mentions-legales\\\/#breadcrumb\"},\"inLanguage\":\"de\",\"potentialAction\":[{\"@type\":\"ReadAction\",\"target\":[\"https:\\\/\\\/bee2linkgroup.com\\\/de\\\/mentions-legales\\\/\"]}]},{\"@type\":\"BreadcrumbList\",\"@id\":\"https:\\\/\\\/bee2linkgroup.com\\\/de\\\/mentions-legales\\\/#breadcrumb\",\"itemListElement\":[{\"@type\":\"ListItem\",\"position\":1,\"name\":\"Accueil\",\"item\":\"https:\\\/\\\/bee2linkgroup.com\\\/de\\\/\"},{\"@type\":\"ListItem\",\"position\":2,\"name\":\"Rechtliche Hinweise\"}]},{\"@type\":\"WebSite\",\"@id\":\"https:\\\/\\\/bee2linkgroup.com\\\/de\\\/#website\",\"url\":\"https:\\\/\\\/bee2linkgroup.com\\\/de\\\/\",\"name\":\"bee2link group\",\"description\":\"Le partenaire de votre futur.\",\"potentialAction\":[{\"@type\":\"SearchAction\",\"target\":{\"@type\":\"EntryPoint\",\"urlTemplate\":\"https:\\\/\\\/bee2linkgroup.com\\\/de\\\/?s={search_term_string}\"},\"query-input\":{\"@type\":\"PropertyValueSpecification\",\"valueRequired\":true,\"valueName\":\"search_term_string\"}}],\"inLanguage\":\"de\"}]}<\/script>\n<!-- \/ Yoast SEO plugin. -->","yoast_head_json":{"title":"Rechtliche Hinweise - bee2link group","description":"Nous nous engageons \u00e0 respecter les normes l\u00e9gales et \u00e0 garantir la transparence dans nos pratiques en ligne.","robots":{"index":"index","follow":"follow","max-snippet":"max-snippet:-1","max-image-preview":"max-image-preview:large","max-video-preview":"max-video-preview:-1"},"canonical":"https:\/\/bee2linkgroup.com\/de\/mentions-legales\/","og_locale":"de_DE","og_type":"article","og_title":"Rechtliche Hinweise - bee2link group","og_description":"Nous nous engageons \u00e0 respecter les normes l\u00e9gales et \u00e0 garantir la transparence dans nos pratiques en ligne.","og_url":"https:\/\/bee2linkgroup.com\/de\/mentions-legales\/","og_site_name":"bee2link group","article_modified_time":"2025-09-23T08:38:59+00:00","twitter_card":"summary_large_image","twitter_misc":{"Gesch\u00e4tzte Lesezeit":"1\u00a0Minute"},"schema":{"@context":"https:\/\/schema.org","@graph":[{"@type":"WebPage","@id":"https:\/\/bee2linkgroup.com\/de\/mentions-legales\/","url":"https:\/\/bee2linkgroup.com\/de\/mentions-legales\/","name":"Rechtliche Hinweise - bee2link group","isPartOf":{"@id":"https:\/\/bee2linkgroup.com\/de\/#website"},"datePublished":"2023-08-01T08:36:31+00:00","dateModified":"2025-09-23T08:38:59+00:00","description":"Nous nous engageons \u00e0 respecter les normes l\u00e9gales et \u00e0 garantir la transparence dans nos pratiques en ligne.","breadcrumb":{"@id":"https:\/\/bee2linkgroup.com\/de\/mentions-legales\/#breadcrumb"},"inLanguage":"de","potentialAction":[{"@type":"ReadAction","target":["https:\/\/bee2linkgroup.com\/de\/mentions-legales\/"]}]},{"@type":"BreadcrumbList","@id":"https:\/\/bee2linkgroup.com\/de\/mentions-legales\/#breadcrumb","itemListElement":[{"@type":"ListItem","position":1,"name":"Accueil","item":"https:\/\/bee2linkgroup.com\/de\/"},{"@type":"ListItem","position":2,"name":"Rechtliche Hinweise"}]},{"@type":"WebSite","@id":"https:\/\/bee2linkgroup.com\/de\/#website","url":"https:\/\/bee2linkgroup.com\/de\/","name":"bee2link group","description":"Le partenaire de votre futur.","potentialAction":[{"@type":"SearchAction","target":{"@type":"EntryPoint","urlTemplate":"https:\/\/bee2linkgroup.com\/de\/?s={search_term_string}"},"query-input":{"@type":"PropertyValueSpecification","valueRequired":true,"valueName":"search_term_string"}}],"inLanguage":"de"}]}},"_links":{"self":[{"href":"https:\/\/bee2linkgroup.com\/de\/wp-json\/wp\/v2\/pages\/127489","targetHints":{"allow":["GET"]}}],"collection":[{"href":"https:\/\/bee2linkgroup.com\/de\/wp-json\/wp\/v2\/pages"}],"about":[{"href":"https:\/\/bee2linkgroup.com\/de\/wp-json\/wp\/v2\/types\/page"}],"author":[{"embeddable":true,"href":"https:\/\/bee2linkgroup.com\/de\/wp-json\/wp\/v2\/users\/5"}],"replies":[{"embeddable":true,"href":"https:\/\/bee2linkgroup.com\/de\/wp-json\/wp\/v2\/comments?post=127489"}],"version-history":[{"count":7,"href":"https:\/\/bee2linkgroup.com\/de\/wp-json\/wp\/v2\/pages\/127489\/revisions"}],"predecessor-version":[{"id":347959,"href":"https:\/\/bee2linkgroup.com\/de\/wp-json\/wp\/v2\/pages\/127489\/revisions\/347959"}],"wp:attachment":[{"href":"https:\/\/bee2linkgroup.com\/de\/wp-json\/wp\/v2\/media?parent=127489"}],"curies":[{"name":"wp","href":"https:\/\/api.w.org\/{rel}","templated":true}]}}