{"id":127350,"date":"2023-07-31T09:36:15","date_gmt":"2023-07-31T07:36:15","guid":{"rendered":"https:\/\/bee2linkgroup.com\/politique-de-confidentialite\/"},"modified":"2025-03-05T09:26:50","modified_gmt":"2025-03-05T08:26:50","slug":"politique-de-confidentialite","status":"publish","type":"page","link":"https:\/\/bee2linkgroup.com\/de\/politique-de-confidentialite\/","title":{"rendered":"Datenschutzrichtlinie"},"content":{"rendered":"\t\t<div data-elementor-type=\"wp-page\" data-elementor-id=\"127350\" class=\"elementor elementor-127350 elementor-3\" data-elementor-post-type=\"page\">\n\t\t\t\t\t\t<section class=\"elementor-section elementor-top-section elementor-element elementor-element-904da65 elementor-section-boxed elementor-section-height-default elementor-section-height-default\" data-id=\"904da65\" data-element_type=\"section\" data-e-type=\"section\">\n\t\t\t\t\t\t<div class=\"elementor-container elementor-column-gap-default\">\n\t\t\t\t\t<div class=\"elementor-column elementor-col-100 elementor-top-column elementor-element elementor-element-725fcda6\" data-id=\"725fcda6\" data-element_type=\"column\" data-e-type=\"column\">\n\t\t\t<div class=\"elementor-widget-wrap elementor-element-populated\">\n\t\t\t\t\t\t<div class=\"elementor-element elementor-element-6e5770ed elementor-widget elementor-widget-text-editor\" data-id=\"6e5770ed\" data-element_type=\"widget\" data-e-type=\"widget\" data-widget_type=\"text-editor.default\">\n\t\t\t\t<div class=\"elementor-widget-container\">\n\t\t\t\t\t\t\t\t\t<h1><span style=\"color: #1f3e80;\">Datenschutzrichtlinie<\/span><\/h1>\n<h2><span style=\"color: #1f3e80;\"> Einf\u00fchrung<\/span><\/h2>\n<span style=\"color: #000000;\">\nbee2link group kann im Rahmen seiner Gesch\u00e4ftst\u00e4tigkeit Ihre personenbezogenen Daten in \u00dcbereinstimmung mit den geltenden Vorschriften verarbeiten.\nDiese Richtlinie gibt Ihnen Informationen dar\u00fcber, wie Ihre personenbezogenen Daten verarbeitet werden. Diese Richtlinie ist auf unserer Website verf\u00fcgbar und wird regelm\u00e4\u00dfig aktualisiert, um gesetzlichen und regulatorischen Entwicklungen und \u00c4nderungen in den von bee2link group durchgef\u00fchrten Verarbeitungen Rechnung zu tragen.\nDiese Richtlinie wurde am 04. Juni 2024 aktualisiert.\n<\/span>\n<h2><span style=\"color: #1f3e80;\"> Wer sind wir?<\/span><\/h2>\nbee2link group ist verantwortlich f\u00fcr die Verarbeitung der pers\u00f6nlichen Daten der Besucher der Website <a href=\"https:\/\/bee2linkgroup.com\/\">https:\/\/bee2linkgroup.com\/<\/a> und der Kunden seiner Plattformen.\n<h2><span style=\"color: #1f3e80;\"> Was sind unsere Verpflichtungen? <\/span><\/h2>\nWir verpflichten uns, die geltenden Vorschriften f\u00fcr alle von uns durchgef\u00fchrten Verarbeitungen personenbezogener Daten einzuhalten. Wir verpflichten uns, die folgenden Grunds\u00e4tze einzuhalten:\n<ul>\n \t<li>Wir verarbeiten Ihre personenbezogenen Daten auf rechtm\u00e4\u00dfige, faire und transparente Weise.<\/li>\n \t<li>Wir sammeln Ihre personenbezogenen Daten f\u00fcr spezifische, ausdr\u00fcckliche und rechtm\u00e4\u00dfige Zwecke und verarbeiten sie nicht in einer Weise, die mit diesen Zwecken unvereinbar ist.<\/li>\n \t<li>Wir stellen sicher, dass personenbezogene Daten angemessen, relevant und auf das f\u00fcr die Zwecke, f\u00fcr die sie verarbeitet werden, notwendige Ma\u00df beschr\u00e4nkt sind.<\/li>\n \t<li>Wir unternehmen alle Anstrengungen, um sicherzustellen, dass die personenbezogenen Daten korrekt und, wenn n\u00f6tig, auf dem neuesten Stand sind. Wir ergreifen alle angemessenen Ma\u00dfnahmen, um sicherzustellen, dass personenbezogene Daten, die in Bezug auf die Zwecke, f\u00fcr die sie verarbeitet werden, unrichtig sind, unverz\u00fcglich gel\u00f6scht oder berichtigt werden.<\/li>\n \t<li>Wir speichern Ihre personenbezogenen Daten in einer Form, die Ihre Identifizierung erm\u00f6glicht, nur so lange, wie es f\u00fcr die Zwecke der Verarbeitung notwendig ist.<\/li>\n \t<li>Wir gew\u00e4hrleisten ein angemessenes Sicherheitsniveau f\u00fcr die von uns verarbeiteten personenbezogenen Daten.<\/li>\n<\/ul>\nDiese Verpflichtungen manifestieren sich wie folgt:\n<ul>\n \t<li>Wir respektieren Ihre Privatsph\u00e4re.<\/li>\n \t<li>Wir garantieren, dass der Schutz und die Sicherheit Ihrer pers\u00f6nlichen Daten f\u00fcr uns von zentraler Bedeutung sind.<\/li>\n \t<li>Wir verwenden Ihre personenbezogenen Daten nicht f\u00fcr Zwecke, die Ihnen nicht mitgeteilt wurden.<\/li>\n \t<li>Wir sind nicht der Ansicht, dass Ihre personenbezogenen Daten unbegrenzt gespeichert werden m\u00fcssen.<\/li>\n \t<li>Wir verkaufen Ihre pers\u00f6nlichen Daten nicht an Dritte.<\/li>\n \t<li>Wir arbeiten mit vertrauensw\u00fcrdigen Partnern zusammen, die ausreichende Garantien f\u00fcr die Umsetzung der technischen und organisatorischen Ma\u00dfnahmen bieten, so dass unsere Datenverarbeitung den Anforderungen der geltenden Vorschriften entspricht.<\/li>\n \t<li>Wir respektieren Ihre Rechte als betroffene Person und bem\u00fchen uns, auf Ihre Anfragen zu reagieren, sobald diese begr\u00fcndet sind.<\/li>\n<\/ul>\n<h2><span style=\"color: #1f3e80;\"> Welche personenbezogenen Daten verarbeiten wir und wie lange?<\/span><\/h2>\nWir erinnern Sie daran, dass personenbezogene Daten Informationen sind, die sich auf eine identifizierte oder identifizierbare nat\u00fcrliche Person (die &#8222;betroffene Person&#8220;) beziehen, wie z.B. Ihr Vor- und Nachname, Ihre Post- oder E-Mail-Adresse.\nWir verpflichten uns, nur solche personenbezogenen Daten zu verarbeiten, die f\u00fcr die Zwecke, f\u00fcr die sie gesammelt wurden, unbedingt erforderlich sind, und sie nur so lange zu speichern, wie es f\u00fcr diese Zwecke notwendig ist.\nDie Kategorien personenbezogener Daten, die wir verarbeiten, sind die folgenden:\n<table style=\"border-collapse: collapse; width: 100%;\">\n<tbody>\n<tr>\n<td style=\"width: 24.9769%;\"><b>Aktivit\u00e4ten der Verarbeitung<\/b><\/td>\n<td style=\"width: 24.9769%;\"><b>Rechtsgrundlage<\/b><\/td>\n<td style=\"width: 24.9769%;\"><b>Kategorien von personenbezogenen Daten<\/b><\/td>\n<td style=\"width: 24.9769%;\"><b>Dauer der Speicherung (aktive Basis)<\/b><\/td>\n<\/tr>\n<tr>\n<td style=\"width: 24.9769%;\"><span style=\"font-weight: 400;\">Verwaltung der \u00fcber das Kontaktformular \u00fcbermittelten Anfragen<\/span><\/td>\n<td style=\"width: 24.9769%;\"><span style=\"font-weight: 400;\">Berechtigtes Interesse<\/span><\/td>\n<td style=\"width: 24.9769%;\"><span style=\"font-weight: 400;\">Identifizierende Daten<\/span><\/td>\n<td style=\"width: 24.9769%;\"><span style=\"font-weight: 400;\">Dauer, die f\u00fcr die Beantwortung der betreffenden Anfrage erforderlich ist<\/span><\/td>\n<\/tr>\n<tr>\n<td style=\"width: 24.9769%;\"><span style=\"font-weight: 400;\">Versand von E-Mails zu Werbezwecken<\/span><\/td>\n<td style=\"width: 24.9769%;\"><span style=\"font-weight: 400;\">Berechtigtes Interesse<\/span><\/td>\n<td style=\"width: 24.9769%;\"><span style=\"font-weight: 400;\">Identifizierende Daten<\/span><\/td>\n<td style=\"width: 24.9769%;\"><span style=\"font-weight: 400;\">3 Jahre nach der Erhebung der Daten oder dem letzten Kontakt, es sei denn, Sie haben sich gegen eine solche Nutzung ausgesprochen.<\/span><\/td>\n<\/tr>\n<tr>\n<td style=\"width: 24.9769%;\"><span style=\"font-weight: 400;\">Verwaltung der Anwerbung<\/span><\/td>\n<td style=\"width: 24.9769%;\"><span style=\"font-weight: 400;\">Durchf\u00fchrung von vorvertraglichen Ma\u00dfnahmen<\/span><\/td>\n<td style=\"width: 24.9769%;\"><span style=\"font-weight: 400;\">Identifikationsdaten und Daten \u00fcber die berufliche Situation des Bewerbers<\/span><\/td>\n<td style=\"width: 24.9769%;\"><span style=\"font-weight: 400;\">2 Jahre nach Einreichung der Bewerbung (au\u00dfer bei Widerspruch)<\/span><\/td>\n<\/tr>\n<tr>\n<td style=\"width: 24.9769%;\"><span style=\"font-weight: 400;\">Video\u00fcberwachung<\/span><\/td>\n<td style=\"width: 24.9769%;\"><span style=\"font-weight: 400;\">Rechtm\u00e4\u00dfiges Interesse<\/span><\/td>\n<td style=\"width: 24.9769%;\"><span style=\"font-weight: 400;\">Identifikationsdaten und Daten \u00fcber die Lebensgewohnheiten der registrierten Personen<\/span><\/td>\n<td style=\"width: 24.9769%;\"><span style=\"font-weight: 400;\">1 Woche nach der Aufzeichnung<\/span><\/td>\n<\/tr>\n<tr>\n<td style=\"width: 24.9769%;\"><span style=\"font-weight: 400;\">Verwaltung der Kunden<\/span><\/td>\n<td style=\"width: 24.9769%;\"><span style=\"font-weight: 400;\">Erf\u00fcllung des Vertrags<\/span><\/td>\n<td style=\"width: 24.9769%;\"><span style=\"font-weight: 400;\">Identifikationsdaten<\/span><\/td>\n<td style=\"width: 24.9769%;\"><span style=\"font-weight: 400;\">5 Jahre nach Beendigung des Vertragsverh\u00e4ltnisses<\/span>\n\n<span style=\"font-weight: 400;\">10 Jahre f\u00fcr Rechnungen ab dem Zeitpunkt ihrer Ausstellung<\/span><\/td>\n<\/tr>\n<tr>\n<td style=\"width: 24.9769%;\"><span style=\"font-weight: 400;\">Verwaltung der Lieferanten<\/span><\/td>\n<td style=\"width: 24.9769%;\"><span style=\"font-weight: 400;\">Erf\u00fcllung des Vertrags<\/span><\/td>\n<td style=\"width: 24.9769%;\"><span style=\"font-weight: 400;\">Identifikationsdaten<\/span><\/td>\n<td style=\"width: 24.9769%;\"><span style=\"font-weight: 400;\">5 Jahre nach Beendigung des Vertragsverh\u00e4ltnisses<\/span>\n\n<span style=\"font-weight: 400;\">10 Jahre f\u00fcr Rechnungen ab dem Zeitpunkt ihrer Ausstellung<\/span><\/td>\n<\/tr>\n<tr>\n<td style=\"width: 24.9769%;\"><span style=\"font-weight: 400;\">Kampagnen zur Verbesserung der Nutzererfahrung<\/span><\/td>\n<td style=\"width: 24.9769%;\"><span style=\"font-weight: 400;\">Berechtigtes Interesse<\/span><\/td>\n<td style=\"width: 24.9769%;\"><span style=\"font-weight: 400;\">Kontaktdaten<\/span><\/td>\n<td style=\"width: 24.9769%;\"><span style=\"font-weight: 400;\">Zeit f\u00fcr die Kampagne zur Verbesserung der Nutzererfahrung<\/span><\/td>\n<\/tr>\n<tr>\n<td style=\"width: 24.9769%;\"><span style=\"font-weight: 400;\">Kampagnen zur Verbesserung der Nutzererfahrung<\/span><\/td>\n<td style=\"width: 24.9769%;\"><span style=\"font-weight: 400;\">Einwilligung<\/span><\/td>\n<td style=\"width: 24.9769%;\"><span style=\"font-weight: 400;\">Kontaktdaten\nIdentifikationsdaten\nAntworten in Frageb\u00f6gen\nBildschirmaufzeichnung, falls zutreffend.<\/span><\/td>\n<td style=\"width: 24.9769%;\"><span style=\"font-weight: 400;\">Zeit der Kampagne zur Verbesserung der Nutzererfahrung<\/span><\/td>\n<\/tr>\n<\/tbody>\n<\/table>\n<h2><\/h2>\n<h2><span style=\"color: #1f3e80;\"> Wer kann auf Ihre personenbezogenen Daten zugreifen?<\/span><\/h2>\nIhre Daten werden, wenn \u00fcberhaupt, nur an die folgenden Empf\u00e4nger weitergegeben:\n<ul>\n \t<li>Das autorisierte Personal von bee2link group ;<\/li>\n \t<li>Die Subunternehmer und vertrauensw\u00fcrdigen Dienstleister von bee2link group, die insbesondere mit folgenden Aufgaben betraut sind:\n<ul>\n \t<li>Hosting der Website ;<\/li>\n \t<li>die Speicherung Ihrer pers\u00f6nlichen Daten ;<\/li>\n \t<li>Wartung der Ausr\u00fcstung\/Software ;<\/li>\n \t<li>Marketing, Handel, Statistiken und Studien;<\/li>\n \t<li>Einf\u00fchrung, Schulung und Begleitung der Transformation.<\/li>\n<\/ul>\n<\/li>\n<\/ul>\nWir tun unser Bestes, um sicherzustellen, dass die Zahl dieser Personen so gering wie m\u00f6glich bleibt.\nWir stellen unseren vertrauensw\u00fcrdigen Dienstleistern nur die Informationen zur Verf\u00fcgung, die sie unbedingt ben\u00f6tigen, um den Dienst zu erbringen, und diese d\u00fcrfen Ihre personenbezogenen Daten nicht f\u00fcr andere Zwecke verwenden.\nWir bem\u00fchen uns stets, sicherzustellen, dass alle unsere vertrauensw\u00fcrdigen Anbieter, mit denen wir zusammenarbeiten, die Sicherheit Ihrer Daten aufrechterhalten.\nWir stellen auch sicher, dass, wenn unsere Beziehung mit einem vertrauensw\u00fcrdigen Anbieter endet, dieser Anbieter Ihre personenbezogenen Daten unverz\u00fcglich l\u00f6scht.\n\nWir w\u00e4hlen unsere vertrauensw\u00fcrdigen Dienstleister mit gro\u00dfer Sorgfalt aus und stellen sicher, dass sie ausreichende Garantien bieten, insbesondere in Bezug auf Fachwissen, Zuverl\u00e4ssigkeit und Ressourcen, um die technischen und organisatorischen Ma\u00dfnahmen zu implementieren, die den Anforderungen der anwendbaren Gesetzgebung, insbesondere in Bezug auf die Sicherheit, entsprechen. In dieser Hinsicht stellen wir sicher, dass unsere vertrauensw\u00fcrdigen Dienstleister personenbezogene Daten nur auf unsere dokumentierten Anweisungen hin verarbeiten. Wir stellen auch sicher, dass ihre Mitarbeiter sich zur Vertraulichkeit verpflichtet haben oder einer angemessenen gesetzlichen Verpflichtung zur Vertraulichkeit unterliegen.\n<h2><span style=\"color: #1f3e80;\"> Welche Rechte haben Sie als betroffene Person? <\/span><\/h2>\nSie haben das Recht auf Zugang, Berichtigung, L\u00f6schung und \u00dcbertragbarkeit Ihrer pers\u00f6nlichen Daten sowie das Recht, die Verarbeitung dieser Daten zu beschr\u00e4nken.\nWeitere Informationen \u00fcber Ihre Rechte finden Sie unter cnil.fr.\n\n<span style=\"text-decoration: underline;\">Sie k\u00f6nnen Ihre Rechte aus\u00fcben entweder :<\/span>\n<ul>\n \t<li>Per E-Mail an die folgende Adresse: <a href=\"mailto:bee2linkgroupe_dpo@derriennic.com\">bee2linkgroupe_dpo@derriennic.com<\/a><\/li>\n \t<li>Per Post an die folgende Adresse: bee2link group, 278 boulevard Saint-Germain 75007 Paris.<\/li>\n<\/ul>\t\t\t\t\t\t\t\t<\/div>\n\t\t\t\t<\/div>\n\t\t\t\t\t<\/div>\n\t\t<\/div>\n\t\t\t\t\t<\/div>\n\t\t<\/section>\n\t\t\t\t<\/div>\n\t\t","protected":false},"excerpt":{"rendered":"<p>Datenschutzrichtlinie Einf\u00fchrung bee2link group kann im Rahmen seiner Gesch\u00e4ftst\u00e4tigkeit Ihre personenbezogenen Daten in \u00dcbereinstimmung mit den geltenden Vorschriften verarbeiten. Diese Richtlinie gibt Ihnen Informationen dar\u00fcber, wie Ihre personenbezogenen Daten verarbeitet werden. Diese Richtlinie ist auf unserer Website verf\u00fcgbar und wird regelm\u00e4\u00dfig aktualisiert, um gesetzlichen und regulatorischen Entwicklungen und \u00c4nderungen in den von bee2link group durchgef\u00fchrten [&hellip;]<\/p>\n","protected":false},"author":5,"featured_media":0,"parent":0,"menu_order":0,"comment_status":"closed","ping_status":"closed","template":"","meta":{"_acf_changed":false,"content-type":"","footnotes":""},"class_list":["post-127350","page","type-page","status-publish","hentry"],"acf":[],"yoast_head":"<!-- This site is optimized with the Yoast SEO plugin v27.5 - https:\/\/yoast.com\/product\/yoast-seo-wordpress\/ -->\n<title>Datenschutzrichtlinie - bee2link group<\/title>\n<meta name=\"description\" content=\"Lesen Sie unsere Datenschutzrichtlinie, um zu verstehen, wie wir Ihre pers\u00f6nlichen Daten sammeln, verwenden und sch\u00fctzen.\" \/>\n<meta name=\"robots\" content=\"index, follow, max-snippet:-1, max-image-preview:large, max-video-preview:-1\" \/>\n<link rel=\"canonical\" href=\"https:\/\/bee2linkgroup.com\/de\/politique-de-confidentialite\/\" \/>\n<meta property=\"og:locale\" content=\"de_DE\" \/>\n<meta property=\"og:type\" content=\"article\" \/>\n<meta property=\"og:title\" content=\"Datenschutzrichtlinie - bee2link group\" \/>\n<meta property=\"og:description\" content=\"Lesen Sie unsere Datenschutzrichtlinie, um zu verstehen, wie wir Ihre pers\u00f6nlichen Daten sammeln, verwenden und sch\u00fctzen.\" \/>\n<meta property=\"og:url\" content=\"https:\/\/bee2linkgroup.com\/de\/politique-de-confidentialite\/\" \/>\n<meta property=\"og:site_name\" content=\"bee2link group\" \/>\n<meta property=\"article:modified_time\" content=\"2025-03-05T08:26:50+00:00\" \/>\n<meta name=\"twitter:card\" content=\"summary_large_image\" \/>\n<meta name=\"twitter:label1\" content=\"Gesch\u00e4tzte Lesezeit\" \/>\n\t<meta name=\"twitter:data1\" content=\"6\u00a0Minuten\" \/>\n<script type=\"application\/ld+json\" class=\"yoast-schema-graph\">{\"@context\":\"https:\\\/\\\/schema.org\",\"@graph\":[{\"@type\":\"WebPage\",\"@id\":\"https:\\\/\\\/bee2linkgroup.com\\\/de\\\/politique-de-confidentialite\\\/\",\"url\":\"https:\\\/\\\/bee2linkgroup.com\\\/de\\\/politique-de-confidentialite\\\/\",\"name\":\"Datenschutzrichtlinie - bee2link group\",\"isPartOf\":{\"@id\":\"https:\\\/\\\/bee2linkgroup.com\\\/de\\\/#website\"},\"datePublished\":\"2023-07-31T07:36:15+00:00\",\"dateModified\":\"2025-03-05T08:26:50+00:00\",\"description\":\"Lesen Sie unsere Datenschutzrichtlinie, um zu verstehen, wie wir Ihre pers\u00f6nlichen Daten sammeln, verwenden und sch\u00fctzen.\",\"breadcrumb\":{\"@id\":\"https:\\\/\\\/bee2linkgroup.com\\\/de\\\/politique-de-confidentialite\\\/#breadcrumb\"},\"inLanguage\":\"de\",\"potentialAction\":[{\"@type\":\"ReadAction\",\"target\":[\"https:\\\/\\\/bee2linkgroup.com\\\/de\\\/politique-de-confidentialite\\\/\"]}]},{\"@type\":\"BreadcrumbList\",\"@id\":\"https:\\\/\\\/bee2linkgroup.com\\\/de\\\/politique-de-confidentialite\\\/#breadcrumb\",\"itemListElement\":[{\"@type\":\"ListItem\",\"position\":1,\"name\":\"Accueil\",\"item\":\"https:\\\/\\\/bee2linkgroup.com\\\/de\\\/\"},{\"@type\":\"ListItem\",\"position\":2,\"name\":\"Datenschutzrichtlinie\"}]},{\"@type\":\"WebSite\",\"@id\":\"https:\\\/\\\/bee2linkgroup.com\\\/de\\\/#website\",\"url\":\"https:\\\/\\\/bee2linkgroup.com\\\/de\\\/\",\"name\":\"bee2link group\",\"description\":\"Le partenaire de votre futur.\",\"potentialAction\":[{\"@type\":\"SearchAction\",\"target\":{\"@type\":\"EntryPoint\",\"urlTemplate\":\"https:\\\/\\\/bee2linkgroup.com\\\/de\\\/?s={search_term_string}\"},\"query-input\":{\"@type\":\"PropertyValueSpecification\",\"valueRequired\":true,\"valueName\":\"search_term_string\"}}],\"inLanguage\":\"de\"}]}<\/script>\n<!-- \/ Yoast SEO plugin. -->","yoast_head_json":{"title":"Datenschutzrichtlinie - bee2link group","description":"Lesen Sie unsere Datenschutzrichtlinie, um zu verstehen, wie wir Ihre pers\u00f6nlichen Daten sammeln, verwenden und sch\u00fctzen.","robots":{"index":"index","follow":"follow","max-snippet":"max-snippet:-1","max-image-preview":"max-image-preview:large","max-video-preview":"max-video-preview:-1"},"canonical":"https:\/\/bee2linkgroup.com\/de\/politique-de-confidentialite\/","og_locale":"de_DE","og_type":"article","og_title":"Datenschutzrichtlinie - bee2link group","og_description":"Lesen Sie unsere Datenschutzrichtlinie, um zu verstehen, wie wir Ihre pers\u00f6nlichen Daten sammeln, verwenden und sch\u00fctzen.","og_url":"https:\/\/bee2linkgroup.com\/de\/politique-de-confidentialite\/","og_site_name":"bee2link group","article_modified_time":"2025-03-05T08:26:50+00:00","twitter_card":"summary_large_image","twitter_misc":{"Gesch\u00e4tzte Lesezeit":"6\u00a0Minuten"},"schema":{"@context":"https:\/\/schema.org","@graph":[{"@type":"WebPage","@id":"https:\/\/bee2linkgroup.com\/de\/politique-de-confidentialite\/","url":"https:\/\/bee2linkgroup.com\/de\/politique-de-confidentialite\/","name":"Datenschutzrichtlinie - bee2link group","isPartOf":{"@id":"https:\/\/bee2linkgroup.com\/de\/#website"},"datePublished":"2023-07-31T07:36:15+00:00","dateModified":"2025-03-05T08:26:50+00:00","description":"Lesen Sie unsere Datenschutzrichtlinie, um zu verstehen, wie wir Ihre pers\u00f6nlichen Daten sammeln, verwenden und sch\u00fctzen.","breadcrumb":{"@id":"https:\/\/bee2linkgroup.com\/de\/politique-de-confidentialite\/#breadcrumb"},"inLanguage":"de","potentialAction":[{"@type":"ReadAction","target":["https:\/\/bee2linkgroup.com\/de\/politique-de-confidentialite\/"]}]},{"@type":"BreadcrumbList","@id":"https:\/\/bee2linkgroup.com\/de\/politique-de-confidentialite\/#breadcrumb","itemListElement":[{"@type":"ListItem","position":1,"name":"Accueil","item":"https:\/\/bee2linkgroup.com\/de\/"},{"@type":"ListItem","position":2,"name":"Datenschutzrichtlinie"}]},{"@type":"WebSite","@id":"https:\/\/bee2linkgroup.com\/de\/#website","url":"https:\/\/bee2linkgroup.com\/de\/","name":"bee2link group","description":"Le partenaire de votre futur.","potentialAction":[{"@type":"SearchAction","target":{"@type":"EntryPoint","urlTemplate":"https:\/\/bee2linkgroup.com\/de\/?s={search_term_string}"},"query-input":{"@type":"PropertyValueSpecification","valueRequired":true,"valueName":"search_term_string"}}],"inLanguage":"de"}]}},"_links":{"self":[{"href":"https:\/\/bee2linkgroup.com\/de\/wp-json\/wp\/v2\/pages\/127350","targetHints":{"allow":["GET"]}}],"collection":[{"href":"https:\/\/bee2linkgroup.com\/de\/wp-json\/wp\/v2\/pages"}],"about":[{"href":"https:\/\/bee2linkgroup.com\/de\/wp-json\/wp\/v2\/types\/page"}],"author":[{"embeddable":true,"href":"https:\/\/bee2linkgroup.com\/de\/wp-json\/wp\/v2\/users\/5"}],"replies":[{"embeddable":true,"href":"https:\/\/bee2linkgroup.com\/de\/wp-json\/wp\/v2\/comments?post=127350"}],"version-history":[{"count":0,"href":"https:\/\/bee2linkgroup.com\/de\/wp-json\/wp\/v2\/pages\/127350\/revisions"}],"wp:attachment":[{"href":"https:\/\/bee2linkgroup.com\/de\/wp-json\/wp\/v2\/media?parent=127350"}],"curies":[{"name":"wp","href":"https:\/\/api.w.org\/{rel}","templated":true}]}}